{"id":62,"date":"2025-05-25T13:08:02","date_gmt":"2025-05-25T11:08:02","guid":{"rendered":"https:\/\/kamfoundationrdc.org\/index.php\/contact-us\/"},"modified":"2025-12-11T13:13:50","modified_gmt":"2025-12-11T12:13:50","slug":"contact-us","status":"publish","type":"page","link":"https:\/\/awnr.org\/index.php\/contact-us\/","title":{"rendered":"Contact Us"},"content":{"rendered":"\n<div class=\"section-wrapper\" data-id=\"qYPkM7\"><section class=\"wp-block-gutenverse-section guten-element guten-section guten-qYPkM7 layout-boxed align-stretch\"><div class=\"guten-container guten-column-gap-no\">\n<div class=\"wp-block-gutenverse-column guten-element guten-column guten-WPi9d4\"><div class=\"guten-column-wrapper\" data-id=\"WPi9d4\">\n<div class=\"wp-block-gutenverse-image guten-element guten-image guten-POQoDp\"><a class=\"guten-image-wrapper\" href=\"\/\"><img loading=\"lazy\" decoding=\"async\" class=\"gutenverse-image-box-filled\" src=\"https:\/\/awnr.org\/wp-content\/uploads\/2025\/12\/logo-wide-small-big-text-scaled.png\" height=\"1002\" width=\"2560\" alt=\"\"\/><\/a><\/div>\n<\/div><\/div>\n\n\n\n<div class=\"wp-block-gutenverse-column guten-element guten-column guten-85BUh2\"><div class=\"guten-column-wrapper\" data-id=\"85BUh2\"><div id=\"guten-f645p8\" class=\"guten-element guten-nav-menu nav-menu break-point-tablet submenu-click-icon \" data-item-indicator=\"gtn gtn-chevron-down-light\" data-close-on-click=\"1\">\n\t\t\t<div class=\"gutenverse-hamburger-wrapper\">\n\t\t\t\t<button class=\"gutenverse-hamburger-menu\">\n\t\t\t\t\t<i aria-hidden=\"true\" class=\"gtn gtn-menu-1-light\"><\/i>\n\t\t\t\t<\/button>\n\t\t\t<\/div>\n\t\t\t\n\t\t\t<div class=\"gutenverse-menu-wrapper\"><div class=\"gutenverse-menu-container\"><ul id=\"menu-1\" class=\"gutenverse-menu\"><li id=\"menu-item-63\" class=\"menu-item menu-item-type-custom menu-item-object-custom menu-item-63\"><a href=\"javascript:void(0);\" data-href=\"\/\">Accueil<\/a><\/li>\n<li id=\"menu-item-64\" class=\"menu-item menu-item-type-custom menu-item-object-custom menu-item-has-children menu-item-64\"><a href=\"javascript:void(0);\" data-href=\"\/index.php\/about-us\/\">\u00c0 propos<\/a>\n<ul class=\"sub-menu\">\n\t<li id=\"menu-item-1057\" class=\"menu-item menu-item-type-post_type menu-item-object-page menu-item-1057\"><a href=\"javascript:void(0);\" data-href=\"https:\/\/awnr.org\/index.php\/notre-histoire\/\">Notre histoire<\/a><\/li>\n\t<li id=\"menu-item-549\" class=\"menu-item menu-item-type-post_type menu-item-object-page menu-item-549\"><a href=\"javascript:void(0);\" data-href=\"https:\/\/awnr.org\/index.php\/notre-equipe\/\">Notre \u00e9quipe<\/a><\/li>\n<\/ul>\n<\/li>\n<li id=\"menu-item-71\" class=\"menu-item menu-item-type-custom menu-item-object-custom menu-item-has-children menu-item-71\"><a href=\"javascript:void(0);\" data-href=\"\/index.php\/nos-programmes\">Programmes<\/a>\n<ul class=\"sub-menu\">\n\t<li id=\"menu-item-1107\" class=\"menu-item menu-item-type-taxonomy menu-item-object-category menu-item-1107\"><a href=\"javascript:void(0);\" data-href=\"https:\/\/awnr.org\/index.php\/category\/programmes\/renforcement-des-capacites\/\">\u00c9ducation &amp; Capacit\u00e9s<\/a><\/li>\n\t<li id=\"menu-item-1106\" class=\"menu-item menu-item-type-taxonomy menu-item-object-category menu-item-1106\"><a href=\"javascript:void(0);\" data-href=\"https:\/\/awnr.org\/index.php\/category\/programmes\/conservation-environnementale\/\">Conservation &amp; Biodiversit\u00e9<\/a><\/li>\n\t<li id=\"menu-item-1109\" class=\"menu-item menu-item-type-taxonomy menu-item-object-category menu-item-1109\"><a href=\"javascript:void(0);\" data-href=\"https:\/\/awnr.org\/index.php\/category\/programmes\/notre-action-pour-leur-sourire\/\">Justice Sociale<\/a><\/li>\n\t<li id=\"menu-item-1108\" class=\"menu-item menu-item-type-taxonomy menu-item-object-category menu-item-1108\"><a href=\"javascript:void(0);\" data-href=\"https:\/\/awnr.org\/index.php\/category\/programmes\/kam-for-youth\/\">Gouvernance<\/a><\/li>\n<\/ul>\n<\/li>\n<li id=\"menu-item-1110\" class=\"menu-item menu-item-type-taxonomy menu-item-object-category menu-item-1110\"><a href=\"javascript:void(0);\" data-href=\"https:\/\/awnr.org\/index.php\/category\/publications-rapports\/\">Publications<\/a><\/li>\n<li id=\"menu-item-72\" class=\"menu-item menu-item-type-custom menu-item-object-custom menu-item-72\"><a href=\"javascript:void(0);\" data-href=\"\/index.php\/contact-us\/\">Contact<\/a><\/li>\n<\/ul><\/div>\n\t\t\t\t<div>\n\t\t\t\t\t<div class=\"gutenverse-nav-identity-panel\">\n\t\t\t\t\t\t<div class=\"gutenverse-nav-site-title\">\n\t\t\t\t\t\t\t<a href=\"https:\/\/awnr.org\" class=\"gutenverse-nav-logo\"><img decoding=\"async\" src=\"https:\/\/awnr.org\/wp-content\/uploads\/2025\/11\/logo-white-scaled.png\" alt=\"AWNR - African Women for Natural Resources\"><\/a>\n\t\t\t\t\t\t<\/div>\n\t\t\t\t\t\t<button class=\"gutenverse-close-menu\"><i aria-hidden=\"true\" class=\"gtn gtn-times-solid\"><\/i><\/button>\n\t\t\t\t\t<\/div>\n\t\t\t\t<\/div>\n\t\t\t<\/div>\n\t\t<\/div>\n\n\n<div class=\"guten-element guten-button-wrapper guten-uMaH0I hide-desktop hide-tablet\"><a class=\"guten-button guten-button-sm\" href=\"\/index.php\/faire-un-don\"><span>donner<\/span><\/a><\/div>\n\n\n\n<div class=\"guten-element guten-button-wrapper guten-nxyyPi hide-tablet hide-mobile\"><a class=\"guten-button guten-button-sm\" href=\"\/index.php\/faire-un-don\"><span>Faire un don<\/span><\/a><\/div>\n<\/div><\/div>\n<\/div><\/section><\/div>\n\n\n\n<div class=\"section-wrapper\" data-id=\"Q36S4s\"><section class=\"wp-block-gutenverse-section guten-element guten-section guten-Q36S4s layout-boxed align-stretch\"><div class=\"guten-background-overlay\"><\/div><div class=\"guten-container guten-column-gap-no\">\n<div class=\"wp-block-gutenverse-column guten-element guten-column guten-N0jg55\"><div class=\"guten-column-wrapper\" data-id=\"N0jg55\">\n<h1 class=\"wp-block-gutenverse-heading guten-element guten-0DWlFf\">Nous contacter<\/h1>\n<\/div><\/div>\n<\/div><\/section><\/div>\n\n\n\n<div class=\"section-wrapper\" data-id=\"5oO0k8\"><section class=\"wp-block-gutenverse-section guten-element guten-section guten-5oO0k8 layout-boxed align-stretch\"><div class=\"guten-container guten-column-gap-no\">\n<div class=\"wp-block-gutenverse-column guten-element guten-column guten-k9fm70\"><div class=\"guten-column-wrapper\" data-id=\"k9fm70\">\n<h2 class=\"wp-block-gutenverse-heading guten-element guten-EwtXpn\">Prenez contact avec nous<\/h2>\n\n\n\n<div class=\"guten-element gutenverse-text-editor guten-izadV4\"><div class=\"text-content-inner\">\n<p>Contactez-nous pour soutenir notre mission dans toute l&rsquo;afrique.<\/p>\n\n\n\n<p><\/p>\n<\/div><\/div>\n\n\n\n<div class=\"section-wrapper\" data-id=\"Hf8gxz\"><section class=\"wp-block-gutenverse-section guten-element guten-section guten-Hf8gxz layout-fullwidth align-stretch\"><div class=\"guten-container guten-column-gap-no\">\n<div class=\"wp-block-gutenverse-column guten-element guten-column guten-mQfvwt\"><div class=\"guten-column-wrapper\" data-id=\"mQfvwt\">\n<h3 class=\"wp-block-gutenverse-heading guten-element guten-cRd2xG\">Si\u00e8ge social &#8211; Kinshasa(RD Congo)<\/h3>\n\n\n\n<div class=\"guten-element guten-icon-list guten-w1O4e7\"><div class=\" list-wrapper \">\n<div class=\"guten-element guten-icon-list-item guten-fBvebF\"><div class=\"list-divider\"><\/div><a id=\"guten-fBvebF\"><i class=\"fas fa-map-marker-alt\"><\/i><span class=\"list-text \">4746, Avenue de la Gombe, Local 201 Jurec, en face de la Halle de la gombe, Commune de la Gombe<\/span><\/a><\/div>\n\n\n\n<div class=\"guten-element guten-icon-list-item guten-bppjfC\"><div class=\"list-divider\"><\/div><a id=\"guten-bppjfC\"><i class=\"fas fa-box\"><\/i><span class=\"list-text \">Bo\u00eete Postale :  202, Kinshasa XI<\/span><\/a><\/div>\n\n\n\n<div class=\"guten-element guten-icon-list-item guten-u9cYNP\"><div class=\"list-divider\"><\/div><a id=\"guten-u9cYNP\"><i class=\"fas fa-phone\"><\/i><span class=\"list-text \">+243 810 825 409<\/span><\/a><\/div>\n\n\n\n<div class=\"guten-element guten-icon-list-item guten-KdWLKb\"><div class=\"list-divider\"><\/div><a id=\"guten-KdWLKb\" href=\"mailto:info@awnr.org\"><i class=\"fas fa-envelope\"><\/i><span class=\"list-text \">info@awnr.org<\/span><\/a><\/div>\n<\/div><\/div>\n\n\n\n<h3 class=\"wp-block-gutenverse-heading guten-element guten-bdfjuV\"><br><br><br>Nos r\u00e9seaux sociaux<\/h3>\n\n\n\n<p aria-label=\"Text Paragraph\" class=\"guten-element gutenverse-text guten-rDeyzc\"><a href=\"https:\/\/www.facebook.com\/Awnr25\/\" data-type=\"link\" data-id=\"https:\/\/www.facebook.com\/Awnr25\/\">Facebook<\/a> <\/p>\n\n\n\n<p aria-label=\"Text Paragraph\" class=\"guten-element gutenverse-text guten-4ZRoT4\"><a href=\"https:\/\/whatsapp.com\/channel\/0029VbAdn152UPBGjodmzm23\">WhatsApp<\/a><\/p>\n\n\n\n<p aria-label=\"Text Paragraph\" class=\"guten-element gutenverse-text guten-Gu6AUH\"><a href=\"https:\/\/x.com\/The_AWNR?origin=website\">X \/ Twitter<\/a><\/p>\n\n\n\n<p aria-label=\"Text Paragraph\" class=\"guten-element gutenverse-text guten-TY9psC\"><a href=\"https:\/\/www.instagram.com\/the_awnr\" data-type=\"link\" data-id=\"https:\/\/www.instagram.com\/kamfound\">Instagram<\/a><\/p>\n\n\n\n<div style=\"height:89px\" aria-hidden=\"true\" class=\"wp-block-spacer\"><\/div>\n\n\n\n<div class=\"section-wrapper\" data-id=\"pjJ3Rd\"><section class=\"wp-block-gutenverse-section guten-element guten-section guten-pjJ3Rd layout-boxed align-stretch\"><div class=\"guten-container guten-column-gap-default\">\n<div class=\"wp-block-gutenverse-column guten-element guten-column guten-hx9lzJ\"><div class=\"guten-column-wrapper\" data-id=\"hx9lzJ\">\n<h2 class=\"wp-block-gutenverse-heading guten-element guten-bcyf0T\">Laissez-nous un message<\/h2>\n<\/div><\/div>\n<\/div><\/section><\/div>\n\n\n\n<div class=\"section-wrapper\" data-id=\"J713Rk\"><section class=\"wp-block-gutenverse-section guten-element guten-section guten-J713Rk layout-boxed align-stretch\"><div class=\"guten-container guten-column-gap-default\">\n<div class=\"wp-block-gutenverse-column guten-element guten-column guten-Vl4YEL\"><div class=\"guten-column-wrapper\" data-id=\"Vl4YEL\">\n<div class=\"wpcf7 no-js\" id=\"wpcf7-f1183-o1\" lang=\"fr-FR\" dir=\"ltr\" data-wpcf7-id=\"1183\">\n<div class=\"screen-reader-response\"><p role=\"status\" aria-live=\"polite\" aria-atomic=\"true\"><\/p> <ul><\/ul><\/div>\n<form action=\"\/index.php\/wp-json\/wp\/v2\/pages\/62#wpcf7-f1183-o1\" method=\"post\" class=\"wpcf7-form init\" aria-label=\"Formulaire de contact\" novalidate=\"novalidate\" data-status=\"init\">\n<fieldset class=\"hidden-fields-container\"><input type=\"hidden\" name=\"_wpcf7\" value=\"1183\" \/><input type=\"hidden\" name=\"_wpcf7_version\" value=\"6.1.4\" \/><input type=\"hidden\" name=\"_wpcf7_locale\" value=\"fr_FR\" \/><input type=\"hidden\" name=\"_wpcf7_unit_tag\" value=\"wpcf7-f1183-o1\" \/><input type=\"hidden\" name=\"_wpcf7_container_post\" value=\"0\" \/><input type=\"hidden\" name=\"_wpcf7_posted_data_hash\" value=\"\" \/>\n<\/fieldset>\n<p><label> Votre nom<br \/>\n<span class=\"wpcf7-form-control-wrap\" data-name=\"your-name\"><input size=\"40\" maxlength=\"400\" class=\"wpcf7-form-control wpcf7-text wpcf7-validates-as-required\" autocomplete=\"name\" aria-required=\"true\" aria-invalid=\"false\" value=\"\" type=\"text\" name=\"your-name\" \/><\/span> <\/label>\n<\/p>\n<p><label> Votre e-mail<br \/>\n<span class=\"wpcf7-form-control-wrap\" data-name=\"your-email\"><input size=\"40\" maxlength=\"400\" class=\"wpcf7-form-control wpcf7-email wpcf7-validates-as-required wpcf7-text wpcf7-validates-as-email\" autocomplete=\"email\" aria-required=\"true\" aria-invalid=\"false\" value=\"\" type=\"email\" name=\"your-email\" \/><\/span> <\/label>\n<\/p>\n<p><label> Objet<br \/>\n<span class=\"wpcf7-form-control-wrap\" data-name=\"your-subject\"><input size=\"40\" maxlength=\"400\" class=\"wpcf7-form-control wpcf7-text wpcf7-validates-as-required\" aria-required=\"true\" aria-invalid=\"false\" value=\"\" type=\"text\" name=\"your-subject\" \/><\/span> <\/label>\n<\/p>\n<p><label> Votre message<br \/>\n<span class=\"wpcf7-form-control-wrap\" data-name=\"your-message\"><textarea cols=\"40\" rows=\"10\" maxlength=\"2000\" class=\"wpcf7-form-control wpcf7-textarea wpcf7-validates-as-required\" aria-required=\"true\" aria-invalid=\"false\" name=\"your-message\"><\/textarea><\/span> <\/label>\n<\/p>\n<p><input class=\"wpcf7-form-control wpcf7-submit has-spinner\" type=\"submit\" value=\"Envoyer\" \/>\n<\/p><div class=\"wpcf7-response-output\" aria-hidden=\"true\"><\/div>\n<\/form>\n<\/div>\n\n<\/div><\/div>\n<\/div><\/section><\/div>\n<\/div><\/div>\n<\/div><\/section><\/div>\n\n\n\n<h3 class=\"wp-block-gutenverse-heading guten-element guten-kgRPvt\">Notre adresse<\/h3>\n\n\n\n<div class=\"guten-element gutenverse-maps guten-fqXasS\"><iframe frameborder=\"0\" scrolling=\"no\" marginheight=\"0\" marginwidth=\"0\" src=\"https:\/\/maps.google.com\/maps?q=33%20Ave%20De%20La%20Gombe%2C%20Kinshasa%2C%20Democratic%20Republic%20of%20the%20Congo&amp;z=16&amp;t=m&amp;output=embed&amp;iwloc=near\" title=\"33 Ave De La Gombe, Kinshasa, Democratic Republic of the Congo\"><\/iframe><\/div>\n\n\n\n<div class=\"section-wrapper\" data-id=\"zCL0YX\"><section class=\"wp-block-gutenverse-section guten-element guten-section guten-zCL0YX layout-fullwidth align-stretch\"><div class=\"guten-container guten-column-gap-no\"><\/div><\/section><\/div>\n<\/div><\/div>\n<\/div><\/section><\/div>\n\n\n\n<div class=\"section-wrapper\" data-id=\"JG54dV\"><section class=\"wp-block-gutenverse-section guten-element guten-section guten-JG54dV layout-boxed align-stretch\"><div class=\"guten-container guten-column-gap-no\">\n<div class=\"wp-block-gutenverse-column guten-element guten-column guten-ya1pr9\"><div class=\"guten-column-wrapper\" data-id=\"ya1pr9\">\n<div class=\"section-wrapper\" data-id=\"S7WB1h\"><section class=\"wp-block-gutenverse-section guten-element guten-section guten-S7WB1h hide-desktop hide-tablet hide-mobile layout-boxed align-stretch\"><div class=\"guten-container guten-column-gap-no\">\n<div class=\"wp-block-gutenverse-column guten-element guten-column guten-LRdhgq\"><div class=\"guten-column-wrapper\" data-id=\"LRdhgq\">\n<div class=\"guten-element guten-jGKEYu guten-icon-box icon-position-left\"><div class=\"guten-icon-box-wrapper hover-from-left\"><div class=\"icon-box icon-box-header\"><div class=\"icon bg-style-color\"><i class=\"gtn gtn-email-light icon-style-color\"><\/i><\/div><\/div><div class=\"icon-box icon-box-body\"><h3 class=\"title\">Keep Updated<\/h3><p class=\"icon-box-description\">Newsletter<\/p><\/div><\/div><\/div>\n<\/div><\/div>\n\n\n\n<div class=\"wp-block-gutenverse-column guten-element guten-column guten-5Eojmx\"><div class=\"guten-column-wrapper\" data-id=\"5Eojmx\">\n<form style=\"display:none\" class=\"guten-element guten-form-builder guten-qmh0ss\" data-form-id=\"127\">\n<div class=\"section-wrapper\" data-id=\"LXJgub\"><section class=\"wp-block-gutenverse-section guten-element guten-section guten-LXJgub layout-fullwidth align-stretch\"><div class=\"guten-container guten-column-gap-no\">\n<div class=\"wp-block-gutenverse-column guten-element guten-column guten-cJDa0X\"><div class=\"guten-column-wrapper\" data-id=\"cJDa0X\">\n<div class=\"guten-element guten-form-input-email guten-form-input guten-input-position-top guten-0oPinh hide-label hide-helper\"><div class=\"label-wrapper\"><\/div><div class=\"main-wrapper\"><input data-validation=\"{&quot;type&quot;:&quot;email&quot;,&quot;required&quot;:false,&quot;validationType&quot;:&quot;none&quot;,&quot;validationWarning&quot;:&quot;Input Invalid&quot;}\" placeholder=\"Email\" name=\"input-email\" class=\"gutenverse-input gutenverse-input-email\" type=\"email\"\/><div class=\"validation-error\">Input Invalid<\/div><\/div><\/div>\n\n\n\n<div class=\"guten-element guten-button-wrapper guten-submit-wrapper guten-xNdcyZ\"><div class=\"form-notification\"><\/div><button class=\"guten-button gutenverse-input-submit guten-button-sm\" type=\"submit\"><i class=\"fa-lg fas fa-paper-plane\"><\/i><span>Subscribe<\/span><\/button><div class=\"gutenverse-input-submit-loader\"><i class=\"fas fa-spinner fa-spin\"><\/i><\/div><\/div>\n<\/div><\/div>\n<\/div><\/section><\/div>\n<\/form>\n<\/div><\/div>\n<\/div><\/section><\/div>\n<\/div><\/div>\n<\/div><\/section><\/div>\n\n\n\n<div class=\"section-wrapper\" data-id=\"AbiCzK\"><section class=\"wp-block-gutenverse-section guten-element guten-section guten-AbiCzK layout-boxed align-stretch\"><div class=\"guten-container guten-column-gap-no\">\n<div class=\"wp-block-gutenverse-column guten-element guten-column guten-Ssqa3D\"><div class=\"guten-column-wrapper\" data-id=\"Ssqa3D\">\n<div class=\"section-wrapper\" data-id=\"U6FAMi\"><section class=\"wp-block-gutenverse-section guten-element guten-section guten-U6FAMi layout-boxed align-stretch\"><div class=\"guten-container guten-column-gap-no\">\n<div class=\"wp-block-gutenverse-column guten-element guten-column guten-VvUxOX\"><div class=\"guten-column-wrapper\" data-id=\"VvUxOX\">\n<div class=\"wp-block-gutenverse-image guten-element guten-image guten-JNsDX8\"><div class=\"guten-image-wrapper\"><img loading=\"lazy\" decoding=\"async\" class=\"gutenverse-image-box-filled\" src=\"https:\/\/awnr.org\/wp-content\/uploads\/2025\/11\/logo-white-scaled.png\" height=\"1002\" width=\"2560\"\/><\/div><\/div>\n\n\n\n<div class=\"guten-element gutenverse-text-editor guten-o3WrmD\"><div class=\"text-content-inner\">\n<p>AWNR est une ASBL engag\u00e9e pour la justice sociale li\u00e9e \u00e0 l\u2019exploitation des ressources naturelles visant \u00e0 d\u00e9velopper les pays africains et la durabilit\u00e9 environnementale. Pla\u00e7ant l\u2019int\u00e9gration du genre au c\u0153ur de ces actions.<\/p>\n<\/div><\/div>\n<\/div><\/div>\n\n\n\n<div class=\"wp-block-gutenverse-column guten-element guten-column guten-mb3Miv\"><div class=\"guten-column-wrapper\" data-id=\"mb3Miv\">\n<h3 class=\"wp-block-gutenverse-heading guten-element guten-z4qQqM\">Liens rapides<\/h3>\n\n\n\n<div class=\"guten-element guten-icon-list guten-0IXaB7\"><div class=\" list-wrapper \">\n<div class=\"guten-element guten-icon-list-item guten-ZXJmqo\"><div class=\"list-divider\"><\/div><a id=\"guten-ZXJmqo\" href=\"\/\"><i class=\"\"><\/i><span class=\"list-text \">Acceuil<\/span><\/a><\/div>\n\n\n\n<div class=\"guten-element guten-icon-list-item guten-dRaiNb\"><div class=\"list-divider\"><\/div><a id=\"guten-dRaiNb\" href=\"\/index.php\/about-us\/\"><i class=\"\"><\/i><span class=\"list-text \">\u00c0 propos de nous<\/span><\/a><\/div>\n\n\n\n<div class=\"guten-element guten-icon-list-item guten-cjdIlu\"><div class=\"list-divider\"><\/div><a id=\"guten-cjdIlu\" href=\"\/index.php\/notre-equipe\"><i class=\"\"><\/i><span class=\"list-text \">Notre \u00e9quipe<\/span><\/a><\/div>\n\n\n\n<div class=\"guten-element guten-icon-list-item guten-lG3uZG\"><div class=\"list-divider\"><\/div><a id=\"guten-lG3uZG\" href=\"\/index.php\/actions\"><i class=\"\"><\/i><span class=\"list-text \">Nos actions<\/span><\/a><\/div>\n\n\n\n<div class=\"guten-element guten-icon-list-item guten-JwILWP\"><div class=\"list-divider\"><\/div><a id=\"guten-JwILWP\" href=\"\/index.php\/contact-us\/\"><i class=\"\"><\/i><span class=\"list-text \">Nous contacter<\/span><\/a><\/div>\n<\/div><\/div>\n<\/div><\/div>\n\n\n\n<div class=\"wp-block-gutenverse-column guten-element guten-column guten-4SpW7p\"><div class=\"guten-column-wrapper\" data-id=\"4SpW7p\">\n<h3 class=\"wp-block-gutenverse-heading guten-element guten-sJrP48\"><br>Nos r\u00e9seaux sociaux<\/h3>\n\n\n\n<div class=\"guten-element guten-icon-list guten-UpEuGi\"><div class=\" list-wrapper \">\n<div class=\"guten-element guten-icon-list-item guten-8i0QAX\"><div class=\"list-divider\"><\/div><a id=\"guten-8i0QAX\" href=\"https:\/\/www.facebook.com\/Awnr25\/\"><i class=\"\"><\/i><span class=\"list-text \">Facebook<\/span><\/a><\/div>\n\n\n\n<div class=\"guten-element guten-icon-list-item guten-qKwQlJ\"><div class=\"list-divider\"><\/div><a id=\"guten-qKwQlJ\" href=\"https:\/\/whatsapp.com\/channel\/0029VbAdn152UPBGjodmzm23\"><i class=\"\"><\/i><span class=\"list-text \">WhatsApp<\/span><\/a><\/div>\n\n\n\n<div class=\"guten-element guten-icon-list-item guten-1T5s2S\"><div class=\"list-divider\"><\/div><a id=\"guten-1T5s2S\" href=\"https:\/\/x.com\/The_AWNR?origin=website\"><i class=\"\"><\/i><span class=\"list-text \">X \/ Twitter<\/span><\/a><\/div>\n\n\n\n<div class=\"guten-element guten-icon-list-item guten-5NE6rj\"><div class=\"list-divider\"><\/div><a id=\"guten-5NE6rj\" href=\"https:\/\/www.instagram.com\/the_awnr\"><i class=\"\"><\/i><span class=\"list-text \">Instagram<\/span><\/a><\/div>\n<\/div><\/div>\n<\/div><\/div>\n\n\n\n<div class=\"wp-block-gutenverse-column guten-element guten-column guten-HMZQ8B\"><div class=\"guten-column-wrapper\" data-id=\"HMZQ8B\">\n<h2 class=\"wp-block-gutenverse-heading guten-element guten-nn9sgO\">Nous contacter<\/h2>\n\n\n\n<div class=\"guten-element guten-icon-list guten-4nlrWW\"><div class=\" list-wrapper \">\n<div class=\"guten-element guten-icon-list-item guten-iWujvK\"><div class=\"list-divider\"><\/div><a id=\"guten-iWujvK\" href=\"#\"><i class=\"fas fa-map-marker-alt\"><\/i><span class=\"list-text \">4746, Avenue de la Gombe, Local 201 Jurec, en face de la Halle de la Gombe, Commune de la Gombe<\/span><\/a><\/div>\n\n\n\n<div class=\"guten-element guten-icon-list-item guten-36VolO\"><div class=\"list-divider\"><\/div><a id=\"guten-36VolO\" href=\"#\"><i class=\"fas fa-box\"><\/i><span class=\"list-text \">B.P 202, Kinshasa XI<\/span><\/a><\/div>\n\n\n\n<div class=\"guten-element guten-icon-list-item guten-ybQ94V\"><div class=\"list-divider\"><\/div><a id=\"guten-ybQ94V\" href=\"tel:+243810825409\"><i class=\"fas fa-phone\"><\/i><span class=\"list-text \">+243 810 825 409<\/span><\/a><\/div>\n\n\n\n<div class=\"guten-element guten-icon-list-item guten-4rZbVZ\"><div class=\"list-divider\"><\/div><a id=\"guten-4rZbVZ\" href=\"mailto:info@awnr.org\"><i class=\"fas fa-envelope\"><\/i><span class=\"list-text \">info@awnr.org<\/span><\/a><\/div>\n<\/div><\/div>\n<\/div><\/div>\n<\/div><\/section><\/div>\n\n\n\n<div class=\"wp-block-gutenverse-divider guten-element guten-divider guten-ohm74V\"><div class=\"guten-divider-wrapper\"><div class=\"guten-divider-default guten-divider-line guten-divider-regular\"><\/div><\/div><\/div>\n\n\n\n<div class=\"section-wrapper\" data-id=\"WIqIQx\"><section class=\"wp-block-gutenverse-section guten-element guten-section guten-WIqIQx layout-boxed align-stretch\"><div class=\"guten-container guten-column-gap-no\">\n<div class=\"wp-block-gutenverse-column guten-element guten-column guten-CliyCk\"><div class=\"guten-column-wrapper\" data-id=\"CliyCk\">\n<p aria-label=\"Text Paragraph\" class=\"guten-element gutenverse-text guten-gOIpoE\"><strong>AWNR\u2013 B\u00e2tir un avenir durable pour les communaut\u00e9s africaines<\/strong>.<\/p>\n<\/div><\/div>\n\n\n\n<div class=\"wp-block-gutenverse-column guten-element guten-column guten-WACzB1\"><div class=\"guten-column-wrapper\" data-id=\"WACzB1\">\n<p aria-label=\"Text Paragraph\" class=\"guten-element gutenverse-text guten-LuWBqC\">Copyright \u00a9 2025. Tous droits r\u00e9serv\u00e9s.<\/p>\n<\/div><\/div>\n<\/div><\/section><\/div>\n<\/div><\/div>\n<\/div><\/section><\/div>\n","protected":false},"excerpt":{"rendered":"","protected":false},"author":1,"featured_media":0,"parent":0,"menu_order":0,"comment_status":"closed","ping_status":"closed","template":"blank-canvas","meta":{"footnotes":""},"class_list":["post-62","page","type-page","status-publish","hentry"],"_links":{"self":[{"href":"https:\/\/awnr.org\/index.php\/wp-json\/wp\/v2\/pages\/62","targetHints":{"allow":["GET"]}}],"collection":[{"href":"https:\/\/awnr.org\/index.php\/wp-json\/wp\/v2\/pages"}],"about":[{"href":"https:\/\/awnr.org\/index.php\/wp-json\/wp\/v2\/types\/page"}],"author":[{"embeddable":true,"href":"https:\/\/awnr.org\/index.php\/wp-json\/wp\/v2\/users\/1"}],"replies":[{"embeddable":true,"href":"https:\/\/awnr.org\/index.php\/wp-json\/wp\/v2\/comments?post=62"}],"version-history":[{"count":23,"href":"https:\/\/awnr.org\/index.php\/wp-json\/wp\/v2\/pages\/62\/revisions"}],"predecessor-version":[{"id":1245,"href":"https:\/\/awnr.org\/index.php\/wp-json\/wp\/v2\/pages\/62\/revisions\/1245"}],"wp:attachment":[{"href":"https:\/\/awnr.org\/index.php\/wp-json\/wp\/v2\/media?parent=62"}],"curies":[{"name":"wp","href":"https:\/\/api.w.org\/{rel}","templated":true}]}}