{"id":545,"date":"2025-06-03T14:57:35","date_gmt":"2025-06-03T12:57:35","guid":{"rendered":"https:\/\/kamfoundationrdc.org\/?page_id=545"},"modified":"2025-12-11T14:07:21","modified_gmt":"2025-12-11T13:07:21","slug":"notre-equipe","status":"publish","type":"page","link":"https:\/\/awnr.org\/index.php\/notre-equipe\/","title":{"rendered":"Notre \u00e9quipe"},"content":{"rendered":"\n<div class=\"section-wrapper\" data-id=\"PLVnxJ\"><section class=\"wp-block-gutenverse-section guten-element guten-section guten-PLVnxJ layout-boxed align-stretch teamZone\"><div class=\"guten-container guten-column-gap-no\">\n<div class=\"wp-block-gutenverse-column guten-element guten-column guten-UbkGuK\"><div class=\"guten-column-wrapper\" data-id=\"UbkGuK\">\n<div class=\"section-wrapper\" data-id=\"SjBwPm\"><section class=\"wp-block-gutenverse-section guten-element guten-section guten-SjBwPm layout-boxed align-stretch\"><div class=\"guten-container guten-column-gap-no\">\n<div class=\"wp-block-gutenverse-column guten-element guten-column guten-TcmtdZ\"><div class=\"guten-column-wrapper\" data-id=\"TcmtdZ\">\n<h2 class=\"wp-block-gutenverse-heading guten-element guten-4KiiO9\"><\/h2>\n\n\n\n<div class=\"guten-element gutenverse-text-editor guten-xMTPUQ\"><div class=\"text-content-inner\">\n<p><\/p>\n<\/div><\/div>\n<\/div><\/div>\n<\/div><\/section><\/div>\n\n\n\n<h1 class=\"wp-block-heading has-text-align-center\"><strong>Conseil d&rsquo;administration<\/strong><\/h1>\n\n\n\n<div class=\"section-wrapper\" data-id=\"PIGh3y\"><section class=\"wp-block-gutenverse-section guten-element guten-section guten-PIGh3y layout-boxed align-stretch\"><div class=\"guten-container guten-column-gap-no\">\n<div class=\"wp-block-gutenverse-column guten-element guten-column guten-WalPJZ\"><div class=\"guten-column-wrapper\" data-id=\"WalPJZ\">\n<div class=\"wp-block-gutenverse-team guten-element guten-team guten-okxHy4\"><div class=\"profile-box\"><div class=\"profile-card card-overlay default\"><img decoding=\"async\" src=\"https:\/\/awnr.org\/wp-content\/uploads\/2025\/06\/PHOTO-2025-06-01-21-41-26.jpg\" alt=\"\"\/><div class=\"profile-body center\"><h3 class=\"profile-title \" aria-label=\"Profile Name\"><\/h3><p class=\"profile-sub\" aria-label=\"Profile Job\"><\/p><div class=\"socials-wrapper\">\n<div class=\"guten-element guten-social-icons guten-Tc8ypa circle horizontal fill\">\n<div class=\"guten-element guten-social-icon guten-kVpudy facebook\"><a id=\"guten-kVpudy\" href=\"#\"><i class=\"fab fa-facebook-f\"><\/i><\/a><\/div>\n\n\n\n<div class=\"guten-element guten-social-icon guten-fOkpjt twitter\"><a id=\"guten-fOkpjt\" href=\"#\"><i class=\"fab fa-x-twitter\"><\/i><\/a><\/div>\n\n\n\n<div class=\"guten-element guten-social-icon guten-wPLPmu pinterest\"><a id=\"guten-wPLPmu\" href=\"#\"><i class=\"fab fa-pinterest-p\"><\/i><\/a><\/div>\n<\/div>\n<\/div><\/div><\/div><\/div><\/div>\n\n\n\n<div class=\"guten-element guten-advanced-heading guten-I1omZn\"><div class=\"heading-section \"><h3 class=\"heading-title\"><span class=\"heading-title\">Bruno KAHINDO<\/span><span class=\"heading-focus\"><\/span><\/h3><\/div><span class=\"heading-subtitle\">Pr\u00e9sident<\/span><\/div>\n<\/div><\/div>\n\n\n\n<div class=\"wp-block-gutenverse-column guten-element guten-column guten-LNgiL9\"><div class=\"guten-column-wrapper\" data-id=\"LNgiL9\">\n<div class=\"wp-block-gutenverse-team guten-element guten-team guten-ZYz6Um\"><div class=\"profile-box\"><div class=\"profile-card card-overlay default\"><img decoding=\"async\" src=\"https:\/\/awnr.org\/wp-content\/uploads\/2025\/06\/PHOTO-2025-06-02-13-17-33.jpg\" alt=\"\"\/><div class=\"profile-body center\"><h3 class=\"profile-title \" aria-label=\"Profile Name\"><\/h3><p class=\"profile-sub\" aria-label=\"Profile Job\"><\/p><div class=\"socials-wrapper\">\n<div class=\"guten-element guten-social-icons guten-GzNGX7 circle horizontal fill\">\n<div class=\"guten-element guten-social-icon guten-MJtT88 facebook\"><a id=\"guten-MJtT88\" href=\"#\"><i class=\"fab fa-facebook-f\"><\/i><\/a><\/div>\n\n\n\n<div class=\"guten-element guten-social-icon guten-hOTIMu twitter\"><a id=\"guten-hOTIMu\" href=\"#\"><i class=\"fab fa-x-twitter\"><\/i><\/a><\/div>\n\n\n\n<div class=\"guten-element guten-social-icon guten-8V5SyY pinterest\"><a id=\"guten-8V5SyY\" href=\"#\"><i class=\"fab fa-pinterest-p\"><\/i><\/a><\/div>\n<\/div>\n<\/div><\/div><\/div><\/div><\/div>\n\n\n\n<div class=\"guten-element guten-advanced-heading guten-d8xBM9\"><div class=\"heading-section \"><h3 class=\"heading-title\"><span class=\"heading-title\">Joyce KANYENYI<\/span><span class=\"heading-focus\"><\/span><\/h3><\/div><span class=\"heading-subtitle\">Vice-pr\u00e9sidente charg\u00e9e de l&rsquo;administration<\/span><\/div>\n<\/div><\/div>\n\n\n\n<div class=\"wp-block-gutenverse-column guten-element guten-column guten-xhR9oi\"><div class=\"guten-column-wrapper\" data-id=\"xhR9oi\">\n<div class=\"wp-block-gutenverse-team guten-element guten-team guten-lXUmAb\"><div class=\"profile-box\"><div class=\"profile-card card-overlay default\"><img decoding=\"async\" src=\"https:\/\/awnr.org\/wp-content\/uploads\/2025\/06\/PHOTO-2025-06-02-13-35-29.jpg\" alt=\"\"\/><div class=\"profile-body center\"><h3 class=\"profile-title \" aria-label=\"Profile Name\"><\/h3><p class=\"profile-sub\" aria-label=\"Profile Job\"><\/p><div class=\"socials-wrapper\">\n<div class=\"guten-element guten-social-icons guten-4wACwe circle horizontal fill\">\n<div class=\"guten-element guten-social-icon guten-vPMNHu facebook\"><a id=\"guten-vPMNHu\" href=\"#\"><i class=\"fab fa-facebook-f\"><\/i><\/a><\/div>\n\n\n\n<div class=\"guten-element guten-social-icon guten-tnvN2R twitter\"><a id=\"guten-tnvN2R\" href=\"#\"><i class=\"fab fa-x-twitter\"><\/i><\/a><\/div>\n\n\n\n<div class=\"guten-element guten-social-icon guten-CkYwyb pinterest\"><a id=\"guten-CkYwyb\" href=\"#\"><i class=\"fab fa-pinterest-p\"><\/i><\/a><\/div>\n<\/div>\n<\/div><\/div><\/div><\/div><\/div>\n\n\n\n<div class=\"guten-element guten-advanced-heading guten-MOFU8D\"><div class=\"heading-section \"><h3 class=\"heading-title\"><span class=\"heading-title\">Emmanuel MAKENGO<\/span><span class=\"heading-focus\"><\/span><\/h3><\/div><span class=\"heading-subtitle\">Vice-pr\u00e9sident charg\u00e9 de l&rsquo;ex\u00e9cutif et plaidoyers<\/span><\/div>\n<\/div><\/div>\n<\/div><\/section><\/div>\n\n\n\n<div class=\"guten-element guten-spacer guten-Jrc7jD\"><\/div>\n\n\n\n<h1 class=\"wp-block-heading has-text-align-center\"><strong>Direction ex\u00e9cutive<\/strong><\/h1>\n\n\n\n<div class=\"section-wrapper\" data-id=\"NF5Q2X\"><section class=\"wp-block-gutenverse-section guten-element guten-section guten-NF5Q2X layout-boxed align-stretch\"><div class=\"guten-container guten-column-gap-no\">\n<div class=\"wp-block-gutenverse-column guten-element guten-column guten-gzsHzJ\"><div class=\"guten-column-wrapper\" data-id=\"gzsHzJ\">\n<div class=\"wp-block-gutenverse-team guten-element guten-team guten-VyRFXc\"><div class=\"profile-box\"><div class=\"profile-card card-overlay default\"><img decoding=\"async\" src=\"https:\/\/awnr.org\/wp-content\/uploads\/2025\/06\/johanna-scaled.jpg\" alt=\"\"\/><div class=\"profile-body center\"><h3 class=\"profile-title \" aria-label=\"Profile Name\"><\/h3><p class=\"profile-sub\" aria-label=\"Profile Job\"><\/p><div class=\"socials-wrapper\">\n<div class=\"guten-element guten-social-icons guten-Tgcf7k circle horizontal fill\">\n<div class=\"guten-element guten-social-icon guten-TGzC1S facebook\"><a id=\"guten-TGzC1S\" href=\"#\"><i class=\"fab fa-facebook-f\"><\/i><\/a><\/div>\n\n\n\n<div class=\"guten-element guten-social-icon guten-NOWFEi twitter\"><a id=\"guten-NOWFEi\" href=\"#\"><i class=\"fab fa-x-twitter\"><\/i><\/a><\/div>\n\n\n\n<div class=\"guten-element guten-social-icon guten-kdRmW4 pinterest\"><a id=\"guten-kdRmW4\" href=\"#\"><i class=\"fab fa-pinterest-p\"><\/i><\/a><\/div>\n<\/div>\n<\/div><\/div><\/div><\/div><\/div>\n\n\n\n<div class=\"guten-element guten-advanced-heading guten-Htqaal\"><div class=\"heading-section \"><h3 class=\"heading-title\"><span class=\"heading-title\">Johanna KAMALA<\/span><span class=\"heading-focus\"><\/span><\/h3><\/div><span class=\"heading-subtitle\">Directrice Nationale<\/span><\/div>\n<\/div><\/div>\n\n\n\n<div class=\"wp-block-gutenverse-column guten-element guten-column guten-bKyqG9\"><div class=\"guten-column-wrapper\" data-id=\"bKyqG9\">\n<div class=\"wp-block-gutenverse-team guten-element guten-team guten-PtfhUQ\"><div class=\"profile-box\"><div class=\"profile-card card-overlay default\"><img decoding=\"async\" src=\"https:\/\/awnr.org\/wp-content\/uploads\/2025\/12\/Slide5.png\" alt=\"\"\/><div class=\"profile-body center\"><h3 class=\"profile-title \" aria-label=\"Profile Name\"><\/h3><p class=\"profile-sub\" aria-label=\"Profile Job\"><\/p><div class=\"socials-wrapper\">\n<div class=\"guten-element guten-social-icons guten-pYOdwT circle horizontal fill\">\n<div class=\"guten-element guten-social-icon guten-Du72Ml facebook\"><a id=\"guten-Du72Ml\" href=\"#\"><i class=\"fab fa-facebook-f\"><\/i><\/a><\/div>\n\n\n\n<div class=\"guten-element guten-social-icon guten-kzw4N8 twitter\"><a id=\"guten-kzw4N8\" href=\"#\"><i class=\"fab fa-x-twitter\"><\/i><\/a><\/div>\n\n\n\n<div class=\"guten-element guten-social-icon guten-8v3WrN pinterest\"><a id=\"guten-8v3WrN\" href=\"#\"><i class=\"fab fa-pinterest-p\"><\/i><\/a><\/div>\n<\/div>\n<\/div><\/div><\/div><\/div><\/div>\n\n\n\n<div class=\"guten-element guten-advanced-heading guten-988Ljl\"><div class=\"heading-section \"><h3 class=\"heading-title\"><span class=\"heading-title\">Marie Gloire MURUHYA<\/span><span class=\"heading-focus\"><\/span><\/h3><\/div><span class=\"heading-subtitle\">Point focal-Kolwezi<\/span><\/div>\n<\/div><\/div>\n\n\n\n<div class=\"wp-block-gutenverse-column guten-element guten-column guten-ZiFp71\"><div class=\"guten-column-wrapper\" data-id=\"ZiFp71\">\n<div class=\"wp-block-gutenverse-team guten-element guten-team guten-dxD6R2\"><div class=\"profile-box\"><div class=\"profile-card card-overlay default\"><img decoding=\"async\" src=\"https:\/\/awnr.org\/wp-content\/uploads\/2025\/06\/PHOTO-2025-05-31-17-15-24.jpg\" alt=\"\"\/><div class=\"profile-body center\"><h3 class=\"profile-title \" aria-label=\"Profile Name\"><\/h3><p class=\"profile-sub\" aria-label=\"Profile Job\"><\/p><div class=\"socials-wrapper\">\n<div class=\"guten-element guten-social-icons guten-yomCTV circle horizontal fill\">\n<div class=\"guten-element guten-social-icon guten-ikKyZG facebook\"><a id=\"guten-ikKyZG\" href=\"#\"><i class=\"fab fa-facebook-f\"><\/i><\/a><\/div>\n\n\n\n<div class=\"guten-element guten-social-icon guten-iOEnFV twitter\"><a id=\"guten-iOEnFV\" href=\"#\"><i class=\"fab fa-x-twitter\"><\/i><\/a><\/div>\n\n\n\n<div class=\"guten-element guten-social-icon guten-Ew6SFb pinterest\"><a id=\"guten-Ew6SFb\" href=\"#\"><i class=\"fab fa-pinterest-p\"><\/i><\/a><\/div>\n<\/div>\n<\/div><\/div><\/div><\/div><\/div>\n\n\n\n<div class=\"guten-element guten-advanced-heading guten-X9NMQm\"><div class=\"heading-section \"><h3 class=\"heading-title\"><span class=\"heading-title\">Esther NGURU<\/span><span class=\"heading-focus\"><\/span><\/h3><\/div><span class=\"heading-subtitle\">Point focal-Lubumbashi<\/span><\/div>\n<\/div><\/div>\n<\/div><\/section><\/div>\n\n\n\n<div class=\"section-wrapper\" data-id=\"ZRzufV\"><section class=\"wp-block-gutenverse-section guten-element guten-section guten-ZRzufV layout-boxed align-stretch\"><div class=\"guten-container guten-column-gap-no\">\n<div class=\"wp-block-gutenverse-column guten-element guten-column guten-dsnKJB\"><div class=\"guten-column-wrapper\" data-id=\"dsnKJB\">\n<div class=\"wp-block-gutenverse-team guten-element guten-team guten-AQiNh2\"><div class=\"profile-box\"><div class=\"profile-card card-overlay default\"><img decoding=\"async\" src=\"https:\/\/awnr.org\/wp-content\/uploads\/2025\/12\/Slide5.png\" alt=\"\"\/><div class=\"profile-body center\"><h3 class=\"profile-title \" aria-label=\"Profile Name\"><\/h3><p class=\"profile-sub\" aria-label=\"Profile Job\"><\/p><div class=\"socials-wrapper\">\n<div class=\"guten-element guten-social-icons guten-zIdCdw circle horizontal fill\">\n<div class=\"guten-element guten-social-icon guten-FBFviV facebook\"><a id=\"guten-FBFviV\" href=\"#\"><i class=\"fab fa-facebook-f\"><\/i><\/a><\/div>\n\n\n\n<div class=\"guten-element guten-social-icon guten-6bAvTg twitter\"><a id=\"guten-6bAvTg\" href=\"#\"><i class=\"fab fa-x-twitter\"><\/i><\/a><\/div>\n\n\n\n<div class=\"guten-element guten-social-icon guten-8ElytG pinterest\"><a id=\"guten-8ElytG\" href=\"#\"><i class=\"fab fa-pinterest-p\"><\/i><\/a><\/div>\n<\/div>\n<\/div><\/div><\/div><\/div><\/div>\n\n\n\n<div class=\"guten-element guten-advanced-heading guten-uejDmE\"><div class=\"heading-section \"><h3 class=\"heading-title\"><span class=\"heading-title\">Ferthan KAVIRA<\/span><span class=\"heading-focus\"><\/span><\/h3><\/div><span class=\"heading-subtitle\">Point focal-Butembo<\/span><\/div>\n<\/div><\/div>\n\n\n\n<div class=\"wp-block-gutenverse-column guten-element guten-column guten-rKf0T4\"><div class=\"guten-column-wrapper\" data-id=\"rKf0T4\">\n<div class=\"wp-block-gutenverse-team guten-element guten-team guten-Z4HyPt\"><div class=\"profile-box\"><div class=\"profile-card card-overlay default\"><img decoding=\"async\" src=\"https:\/\/awnr.org\/wp-content\/uploads\/2025\/06\/PHOTO-2025-05-29-22-55-16-2.jpg\" alt=\"\"\/><div class=\"profile-body center\"><h3 class=\"profile-title \" aria-label=\"Profile Name\"><\/h3><p class=\"profile-sub\" aria-label=\"Profile Job\"><\/p><div class=\"socials-wrapper\">\n<div class=\"guten-element guten-social-icons guten-1Tte8d circle horizontal fill\">\n<div class=\"guten-element guten-social-icon guten-iOz2Sj facebook\"><a id=\"guten-iOz2Sj\" href=\"#\"><i class=\"fab fa-facebook-f\"><\/i><\/a><\/div>\n\n\n\n<div class=\"guten-element guten-social-icon guten-HIA8DW twitter\"><a id=\"guten-HIA8DW\" href=\"#\"><i class=\"fab fa-x-twitter\"><\/i><\/a><\/div>\n\n\n\n<div class=\"guten-element guten-social-icon guten-cBU8AZ pinterest\"><a id=\"guten-cBU8AZ\" href=\"#\"><i class=\"fab fa-pinterest-p\"><\/i><\/a><\/div>\n<\/div>\n<\/div><\/div><\/div><\/div><\/div>\n\n\n\n<div class=\"guten-element guten-advanced-heading guten-bfPg5J\"><div class=\"heading-section \"><h3 class=\"heading-title\"><span class=\"heading-title\">Rose KATOTO<\/span><span class=\"heading-focus\"><\/span><\/h3><\/div><span class=\"heading-subtitle\">Point focal-Goma<\/span><\/div>\n<\/div><\/div>\n\n\n\n<div class=\"wp-block-gutenverse-column guten-element guten-column guten-EzV11p\"><div class=\"guten-column-wrapper\" data-id=\"EzV11p\"><\/div><\/div>\n<\/div><\/section><\/div>\n\n\n\n<div class=\"section-wrapper\" data-id=\"7vIMYw\"><section class=\"wp-block-gutenverse-section guten-element guten-section guten-7vIMYw layout-boxed align-stretch\"><div class=\"guten-container guten-column-gap-no\">\n<div class=\"wp-block-gutenverse-column guten-element guten-column guten-acPO3S\"><div class=\"guten-column-wrapper\" data-id=\"acPO3S\"><\/div><\/div>\n\n\n\n<div class=\"wp-block-gutenverse-column guten-element guten-column guten-qH21Gs\"><div class=\"guten-column-wrapper\" data-id=\"qH21Gs\"><\/div><\/div>\n\n\n\n<div class=\"wp-block-gutenverse-column guten-element guten-column guten-B8HHap\"><div class=\"guten-column-wrapper\" data-id=\"B8HHap\"><\/div><\/div>\n<\/div><\/section><\/div>\n\n\n\n<div class=\"guten-element guten-spacer guten-qEYZHM\"><\/div>\n\n\n\n<h1 class=\"wp-block-heading has-text-align-center\">Experts<\/h1>\n\n\n\n<div class=\"section-wrapper\" data-id=\"5urkTD\"><section class=\"wp-block-gutenverse-section guten-element guten-section guten-5urkTD layout-boxed align-stretch\"><div class=\"guten-container guten-column-gap-no\">\n<div class=\"wp-block-gutenverse-column guten-element guten-column guten-fXoVuv\"><div class=\"guten-column-wrapper\" data-id=\"fXoVuv\">\n<div class=\"wp-block-gutenverse-team guten-element guten-team guten-cYtnes\"><div class=\"profile-box\"><div class=\"profile-card card-overlay default\"><img decoding=\"async\" src=\"https:\/\/awnr.org\/wp-content\/uploads\/2025\/06\/PHOTO-2025-05-30-00-01-00.jpg\" alt=\"\"\/><div class=\"profile-body center\"><h3 class=\"profile-title \" aria-label=\"Profile Name\"><\/h3><p class=\"profile-sub\" aria-label=\"Profile Job\"><\/p><div class=\"socials-wrapper\">\n<div class=\"guten-element guten-social-icons guten-aHSrHP circle horizontal fill\">\n<div class=\"guten-element guten-social-icon guten-VVp3RE facebook\"><a id=\"guten-VVp3RE\" href=\"#\"><i class=\"fab fa-facebook-f\"><\/i><\/a><\/div>\n\n\n\n<div class=\"guten-element guten-social-icon guten-UPVt4H twitter\"><a id=\"guten-UPVt4H\" href=\"#\"><i class=\"fab fa-x-twitter\"><\/i><\/a><\/div>\n\n\n\n<div class=\"guten-element guten-social-icon guten-WBOGYX pinterest\"><a id=\"guten-WBOGYX\" href=\"#\"><i class=\"fab fa-pinterest-p\"><\/i><\/a><\/div>\n<\/div>\n<\/div><\/div><\/div><\/div><\/div>\n\n\n\n<div class=\"guten-element guten-advanced-heading guten-RyO0tB\"><div class=\"heading-section \"><h3 class=\"heading-title\"><span class=\"heading-title\">Emmanuel UMPULA NKUMBA<\/span><span class=\"heading-focus\"><\/span><\/h3><\/div><span class=\"heading-subtitle\">Expert Droits de l\u2019homme<\/span><\/div>\n<\/div><\/div>\n\n\n\n<div class=\"wp-block-gutenverse-column guten-element guten-column guten-bEXS83\"><div class=\"guten-column-wrapper\" data-id=\"bEXS83\">\n<div class=\"wp-block-gutenverse-team guten-element guten-team guten-OEiFix\"><div class=\"profile-box\"><div class=\"profile-card card-overlay default\"><img decoding=\"async\" src=\"https:\/\/awnr.org\/wp-content\/uploads\/2025\/06\/PHOTO-2025-05-30-01-20-23.jpg\" alt=\"\"\/><div class=\"profile-body center\"><h3 class=\"profile-title \" aria-label=\"Profile Name\"><\/h3><p class=\"profile-sub\" aria-label=\"Profile Job\"><\/p><div class=\"socials-wrapper\">\n<div class=\"guten-element guten-social-icons guten-rb7USg circle horizontal fill\">\n<div class=\"guten-element guten-social-icon guten-h0cm22 facebook\"><a id=\"guten-h0cm22\" href=\"#\"><i class=\"fab fa-facebook-f\"><\/i><\/a><\/div>\n\n\n\n<div class=\"guten-element guten-social-icon guten-giaALI twitter\"><a id=\"guten-giaALI\" href=\"#\"><i class=\"fab fa-x-twitter\"><\/i><\/a><\/div>\n\n\n\n<div class=\"guten-element guten-social-icon guten-TkS36W pinterest\"><a id=\"guten-TkS36W\" href=\"#\"><i class=\"fab fa-pinterest-p\"><\/i><\/a><\/div>\n<\/div>\n<\/div><\/div><\/div><\/div><\/div>\n\n\n\n<div class=\"guten-element guten-advanced-heading guten-7m87QO\"><div class=\"heading-section \"><h3 class=\"heading-title\"><span class=\"heading-title\">MASAKI MUKALU Sandro<\/span><span class=\"heading-focus\"><\/span><\/h3><\/div><span class=\"heading-subtitle\">Expert en Conservation Environnementale et Professeur d&rsquo;universit\u00e9<\/span><\/div>\n<\/div><\/div>\n\n\n\n<div class=\"wp-block-gutenverse-column guten-element guten-column guten-9ILNvI\"><div class=\"guten-column-wrapper\" data-id=\"9ILNvI\">\n<div class=\"wp-block-gutenverse-team guten-element guten-team guten-ss85Sg\"><div class=\"profile-box\"><div class=\"profile-card card-overlay default\"><img decoding=\"async\" src=\"https:\/\/awnr.org\/wp-content\/uploads\/2025\/12\/PHOTO-2025-12-02-17-56-26.jpg\" alt=\"\"\/><div class=\"profile-body center\"><h3 class=\"profile-title \" aria-label=\"Profile Name\"><\/h3><p class=\"profile-sub\" aria-label=\"Profile Job\"><\/p><div class=\"socials-wrapper\">\n<div class=\"guten-element guten-social-icons guten-xAEwA0 circle horizontal fill\">\n<div class=\"guten-element guten-social-icon guten-BYnRkL facebook\"><a id=\"guten-BYnRkL\" href=\"#\"><i class=\"fab fa-facebook-f\"><\/i><\/a><\/div>\n\n\n\n<div class=\"guten-element guten-social-icon guten-JqlI0p twitter\"><a id=\"guten-JqlI0p\" href=\"#\"><i class=\"fab fa-x-twitter\"><\/i><\/a><\/div>\n\n\n\n<div class=\"guten-element guten-social-icon guten-HuGIPs pinterest\"><a id=\"guten-HuGIPs\" href=\"#\"><i class=\"fab fa-pinterest-p\"><\/i><\/a><\/div>\n<\/div>\n<\/div><\/div><\/div><\/div><\/div>\n\n\n\n<div class=\"guten-element guten-advanced-heading guten-DN2KSp\"><div class=\"heading-section \"><h3 class=\"heading-title\"><span class=\"heading-title\">Jean-Pierre Okenda<\/span><span class=\"heading-focus\"><\/span><\/h3><\/div><span class=\"heading-subtitle\">Expert en Gouvernance des Ressources Naturelles<\/span><\/div>\n<\/div><\/div>\n<\/div><\/section><\/div>\n<\/div><\/div>\n<\/div><\/section><\/div>\n\n\n\n<div class=\"section-wrapper\" data-id=\"DhzKEj\"><section class=\"wp-block-gutenverse-section guten-element guten-section guten-DhzKEj layout-boxed align-stretch\"><div class=\"guten-background-overlay\"><\/div><div class=\"guten-container guten-column-gap-no\">\n<div class=\"wp-block-gutenverse-column guten-element guten-column guten-MVSTxP\"><div class=\"guten-column-wrapper\" data-id=\"MVSTxP\">\n<h2 class=\"wp-block-gutenverse-heading guten-element guten-sUmPxc\">Collaborez avec nous<\/h2>\n\n\n\n<div class=\"guten-element gutenverse-text-editor guten-KjObsS\"><div class=\"text-content-inner\">\n<p>Les ressources naturelles, transform\u00e9es par l\u2019homme, doivent profiter \u00e0 tous de mani\u00e8re \u00e9quitable et durable<\/p>\n\n\n\n<p>Rejoignez notre mouvement pour transformer des vies. Votre engagement peut faire la diff\u00e9rence dans les communaut\u00e9s africaines&nbsp;;<\/p>\n<\/div><\/div>\n\n\n\n<div class=\"guten-element guten-button-wrapper guten-xJ3r3E\"><a class=\"guten-button guten-button-sm\" href=\"\/index.php\/contact-us\/\"><span>nous contacter<\/span><\/a><\/div>\n<\/div><\/div>\n<\/div><\/section><\/div>\n\n\n\n<p><\/p>\n","protected":false},"excerpt":{"rendered":"","protected":false},"author":1,"featured_media":0,"parent":0,"menu_order":0,"comment_status":"closed","ping_status":"closed","template":"","meta":{"footnotes":""},"class_list":["post-545","page","type-page","status-publish","hentry"],"_links":{"self":[{"href":"https:\/\/awnr.org\/index.php\/wp-json\/wp\/v2\/pages\/545","targetHints":{"allow":["GET"]}}],"collection":[{"href":"https:\/\/awnr.org\/index.php\/wp-json\/wp\/v2\/pages"}],"about":[{"href":"https:\/\/awnr.org\/index.php\/wp-json\/wp\/v2\/types\/page"}],"author":[{"embeddable":true,"href":"https:\/\/awnr.org\/index.php\/wp-json\/wp\/v2\/users\/1"}],"replies":[{"embeddable":true,"href":"https:\/\/awnr.org\/index.php\/wp-json\/wp\/v2\/comments?post=545"}],"version-history":[{"count":34,"href":"https:\/\/awnr.org\/index.php\/wp-json\/wp\/v2\/pages\/545\/revisions"}],"predecessor-version":[{"id":1247,"href":"https:\/\/awnr.org\/index.php\/wp-json\/wp\/v2\/pages\/545\/revisions\/1247"}],"wp:attachment":[{"href":"https:\/\/awnr.org\/index.php\/wp-json\/wp\/v2\/media?parent=545"}],"curies":[{"name":"wp","href":"https:\/\/api.w.org\/{rel}","templated":true}]}}