{"id":40,"date":"2025-05-25T13:07:46","date_gmt":"2025-05-25T11:07:46","guid":{"rendered":"https:\/\/kamfoundationrdc.org\/index.php\/about-us\/"},"modified":"2025-12-26T12:59:12","modified_gmt":"2025-12-26T11:59:12","slug":"about-us","status":"publish","type":"page","link":"https:\/\/awnr.org\/index.php\/about-us\/","title":{"rendered":"\u00c0 propos de nous"},"content":{"rendered":"\n<div class=\"section-wrapper\" data-id=\"0icwwC\"><section class=\"wp-block-gutenverse-section guten-element guten-section guten-0icwwC layout-boxed align-stretch\"><div class=\"guten-container guten-column-gap-no\">\n<div class=\"wp-block-gutenverse-column guten-element guten-column guten-J1g7Re\"><div class=\"guten-column-wrapper\" data-id=\"J1g7Re\">\n<div class=\"wp-block-gutenverse-image guten-element guten-image guten-JGnfgH\"><div class=\"guten-image-wrapper\"><img loading=\"lazy\" decoding=\"async\" class=\"gutenverse-image-box-filled\" src=\"https:\/\/awnr.org\/wp-content\/uploads\/2025\/05\/Picture1.jpg\" height=\"928\" width=\"1390\"\/><\/div><\/div>\n<\/div><\/div>\n\n\n\n<div class=\"wp-block-gutenverse-column guten-element guten-column guten-kG6RD1\"><div class=\"guten-column-wrapper\" data-id=\"kG6RD1\">\n<h2 class=\"wp-block-gutenverse-heading guten-element guten-3dELg7\">Notre histoire<\/h2>\n\n\n\n<div class=\"guten-element gutenverse-text-editor guten-f16LqE\"><div class=\"text-content-inner\">\n<p>African Women for Natural Resources (AWNR) a \u00e9t\u00e9 cr\u00e9\u00e9e le 5 novembre 2025, \u00e0 la suite d\u2019une Assembl\u00e9e g\u00e9n\u00e9rale tenue \u00e0 Kinshasa en RDC, dans le but d\u2019\u00e9largir la vision port\u00e9e par KAM Foundation, le nom d\u2019origine de notre asbl, active depuis 2017 de mani\u00e8re informelle et officiellement depuis 2018, nous \u0153uvrons pour que l\u2019exploitation des ressources naturelles g\u00e9n\u00e8re des opportunit\u00e9s \u00e9quitables pour les communaut\u00e9s en RDC et \u00e0 travers le continent. Son si\u00e8ge social est situ\u00e9 dans la ville et province de Kinshasa, en R\u00e9publique d\u00e9mocratique du Congo<\/p>\n<\/div><\/div>\n\n\n\n<div class=\"section-wrapper\" data-id=\"yuZg2M\"><section class=\"wp-block-gutenverse-section guten-element guten-section guten-yuZg2M layout-fullwidth align-stretch\"><div class=\"guten-container guten-column-gap-no\">\n<div class=\"wp-block-gutenverse-column guten-element guten-column guten-R7kPeh\"><div class=\"guten-column-wrapper\" data-id=\"R7kPeh\">\n<div class=\"guten-element guten-icon-list guten-3dMzwJ\"><div class=\" list-wrapper \">\n<div class=\"guten-element guten-icon-list-item guten-7NAAu3\"><div class=\"list-divider\"><\/div><a id=\"guten-7NAAu3\"><i class=\"fas fa-minus\"><\/i><span class=\"list-text \">Mobiliser les communaut\u00e9s pour un changement durable.<\/span><\/a><\/div>\n\n\n\n<div class=\"guten-element guten-icon-list-item guten-dW01BF\"><div class=\"list-divider\"><\/div><a id=\"guten-dW01BF\"><i class=\"fas fa-minus\"><\/i><span class=\"list-text \">Renforcer leurs capacit\u00e9s dans la conservation environnementale. <\/span><\/a><\/div>\n<\/div><\/div>\n<\/div><\/div>\n\n\n\n<div class=\"wp-block-gutenverse-column guten-element guten-column guten-vDGQlS\"><div class=\"guten-column-wrapper\" data-id=\"vDGQlS\">\n<div class=\"guten-element guten-icon-list guten-0rEKIE\"><div class=\" list-wrapper \">\n<div class=\"guten-element guten-icon-list-item guten-02U61z\"><div class=\"list-divider\"><\/div><a id=\"guten-02U61z\"><i class=\"fas fa-minus\"><\/i><span class=\"list-text \">Restaurer nos \u00e9cosyst\u00e8mes pour les g\u00e9n\u00e9rations futures.<\/span><\/a><\/div>\n\n\n\n<div class=\"guten-element guten-icon-list-item guten-EOaQse\"><div class=\"list-divider\"><\/div><a id=\"guten-EOaQse\"><i class=\"fas fa-minus\"><\/i><span class=\"list-text \">Promouvoir les droits humains et la dignit\u00e9.<\/span><\/a><\/div>\n<\/div><\/div>\n<\/div><\/div>\n<\/div><\/section><\/div>\n\n\n\n<div class=\"section-wrapper\" data-id=\"xsqCXF\"><section class=\"wp-block-gutenverse-section guten-element guten-section guten-xsqCXF layout-fullwidth align-stretch\"><div class=\"guten-container guten-column-gap-no\">\n<div class=\"wp-block-gutenverse-column guten-element guten-column guten-93hLfT\"><div class=\"guten-column-wrapper\" data-id=\"93hLfT\">\n<div class=\"guten-element guten-button-wrapper guten-eMJBAF\"><a class=\"guten-button guten-button-sm\" href=\"\/index.php\/about-us\/\"><span>Lire plus<\/span><\/a><\/div>\n\n\n\n<div class=\"guten-element guten-wrap-helper no-margin guten-ufv80E inline\"><div class=\"guten-inner-wrap\" data-id=\"ufv80E\">\n<div class=\"guten-element guten-wrap-helper no-margin guten-NPFaj9 flex guten-background-effect-active\"><div class=\"guten-inner-wrap\" data-id=\"NPFaj9\"><div class=\"guten-background-effect\"><div class=\"inner-background-container\"><\/div><\/div>\n<div class=\"guten-element guten-spacer guten-8Wfmac\"><\/div>\n<\/div><\/div><div class=\"guten-data\"><div data-var=\"backgroundEffectAttrNPFaj9\" data-value=\"{&quot;backgroundEffect&quot;:{&quot;type&quot;:&quot;blink&quot;,&quot;backgroundEffectLoadOn&quot;:&quot;pageLoad&quot;,&quot;backgroundEffectSize&quot;:{&quot;Desktop&quot;:{&quot;point&quot;:&quot;110&quot;,&quot;unit&quot;:&quot;px&quot;}},&quot;effectSpeed&quot;:{&quot;point&quot;:&quot;2.5&quot;,&quot;unit&quot;:&quot;s&quot;},&quot;effectColor&quot;:{&quot;type&quot;:&quot;variable&quot;,&quot;id&quot;:&quot;theme-2&quot;},&quot;effectQuantity&quot;:&quot;3&quot;}}\"><\/div><\/div>\n\n\n\n<div class=\"guten-element guten-LssH98 guten-icon-box icon-position-left\"><a class=\"\" href=\"#ecopeace-video\"><div class=\"guten-icon-box-wrapper hover-from-left\"><div class=\"icon-box icon-box-header\"><div class=\"icon bg-style-color\"><i class=\"gtn gtn-play-button icon-style-color\"><\/i><\/div><\/div><div class=\"icon-box icon-box-body\"><h3 class=\"title\">Regarder la vid\u00e9o<\/h3><p class=\"icon-box-description\">Lorem ipsum dolor sit amet, consectetur adipiscing elit, sed do eiusmod tempor incididunt ut labore et dolore magna aliqua.<\/p><\/div><\/div><\/a><\/div>\n<\/div><\/div>\n<\/div><\/div>\n<\/div><\/section><\/div>\n\n\n\n<div class=\"guten-element guten-popup-builder guten-9rchLF\" data-trigger=\"click\" data-anchor=\"ecopeace-video\" data-close-overlay=\"true\"><div class=\"guten-popup guten-popup-center guten-popup-side-space\"><div class=\"guten-popup-overlay\"><\/div><div class=\"guten-popup-wrapper guten-popup-wrapper-center\"><div class=\"guten-popup-content animated guten-element-hide desktop-fadeInUp\"><div class=\"guten-popup-close\"><i class=\"gtn gtn-x-line\"><\/i><\/div><div class=\"guten-popup-container\">\n<div class=\"guten-element guten-popup-content-inner above\"><div class=\"guten-popup-content-wrapper\">\n<figure class=\"guten-element guten-video guten-Qi9ery\"><div class=\"guten-video-wrapper\" data-property=\"{&quot;url&quot;:&quot;https:\/\/youtu.be\/k9WEkeQsXUY&quot;,&quot;class&quot;:&quot;guten-video-background&quot;,&quot;width&quot;:&quot;100%&quot;,&quot;height&quot;:&quot;500px&quot;,&quot;playing&quot;:false,&quot;controls&quot;:true,&quot;playsinline&quot;:true,&quot;style&quot;:{},&quot;config&quot;:{&quot;youtube&quot;:{&quot;playerVars&quot;:{}}}}\"><\/div><\/figure>\n<\/div><\/div>\n\n\n\n<div class=\"guten-element guten-popup-content-inner bottom\"><div class=\"guten-popup-content-wrapper\"><\/div><\/div>\n<\/div><\/div><\/div><\/div><\/div>\n<\/div><\/div>\n<\/div><\/section><\/div>\n\n\n\n<div class=\"section-wrapper\" data-id=\"2kZ4KI\"><section class=\"wp-block-gutenverse-section guten-element guten-section guten-2kZ4KI layout-boxed align-stretch\"><div class=\"guten-background-overlay\"><\/div><div class=\"guten-container guten-column-gap-no\">\n<div class=\"wp-block-gutenverse-column guten-element guten-column guten-jwNpea\"><div class=\"guten-column-wrapper\" data-id=\"jwNpea\">\n<h2 class=\"wp-block-gutenverse-heading guten-element guten-WJPSLz\">Nos r\u00e9alisations <\/h2>\n\n\n\n<div class=\"guten-element gutenverse-text-editor guten-yyh4PT\"><div class=\"text-content-inner\">\n<p>Nos programmes transforment des vies \u00e0 travers l\u2019\u00e9ducation, la conservation environnementale et le soutien aux communaut\u00e9s vuln\u00e9rables. <\/p>\n<\/div><\/div>\n\n\n\n<div class=\"section-wrapper\" data-id=\"CTv9KW\"><section class=\"wp-block-gutenverse-section guten-element guten-section guten-CTv9KW layout-fullwidth align-stretch\"><div class=\"guten-container guten-column-gap-no\">\n<div class=\"wp-block-gutenverse-column guten-element guten-column guten-jON667\"><div class=\"guten-column-wrapper\" data-id=\"jON667\">\n<div class=\"guten-element guten-KJN3iY guten-fun-fact align-center hover-from-left\"><div class=\"fun-fact-inner\"><div class=\"icon\"><i class=\"gtn gtn-leaf-solid\"><\/i><\/div><div class=\"content\"><div class=\"number-wrapper\"><span class=\"prefix\"><\/span><span class=\"number loaded\" data-number=\"3000\" data-duration=\"3500\"><\/span><span class=\"suffix\"><\/span><sup class=\"super\">+<\/sup><\/div><span class=\"title\">Arbres plant\u00e9s<\/span><\/div><\/div><\/div>\n<\/div><\/div>\n\n\n\n<div class=\"wp-block-gutenverse-column guten-element guten-column guten-B7IQcs\"><div class=\"guten-column-wrapper\" data-id=\"B7IQcs\">\n<div class=\"guten-element guten-OL8nB4 guten-fun-fact align-center hover-from-left\"><div class=\"fun-fact-inner\"><div class=\"icon\"><i class=\"gtn gtn-handshake\"><\/i><\/div><div class=\"content\"><div class=\"number-wrapper\"><span class=\"prefix\"><\/span><span class=\"number loaded\" data-number=\"10\" data-duration=\"3500\"><\/span><span class=\"suffix\"><\/span><sup class=\"super\">+<\/sup><\/div><span class=\"title\">Projets r\u00e9alis\u00e9s<\/span><\/div><\/div><\/div>\n<\/div><\/div>\n\n\n\n<div class=\"wp-block-gutenverse-column guten-element guten-column guten-ewQ5Or\"><div class=\"guten-column-wrapper\" data-id=\"ewQ5Or\">\n<div class=\"guten-element guten-tZpfuy guten-fun-fact align-center hover-from-left\"><div class=\"fun-fact-inner\"><div class=\"icon\"><i class=\"gtn gtn-user-edit-solid\"><\/i><\/div><div class=\"content\"><div class=\"number-wrapper\"><span class=\"prefix\"><\/span><span class=\"number loaded\" data-number=\"50\" data-duration=\"3500\"><\/span><span class=\"suffix\"><\/span><sup class=\"super\">+<\/sup><\/div><span class=\"title\">Jeunes b\u00e9n\u00e9voles<\/span><\/div><\/div><\/div>\n<\/div><\/div>\n\n\n\n<div class=\"wp-block-gutenverse-column guten-element guten-column guten-r0OEcx\"><div class=\"guten-column-wrapper\" data-id=\"r0OEcx\">\n<div class=\"guten-element guten-Eltg2B guten-fun-fact align-center hover-from-left\"><div class=\"fun-fact-inner\"><div class=\"icon\"><i class=\"fas fa-award\"><\/i><\/div><div class=\"content\"><div class=\"number-wrapper\"><span class=\"prefix\"><\/span><span class=\"number loaded\" data-number=\"4\" data-duration=\"3500\"><\/span><span class=\"suffix\"><\/span><sup class=\"super\">+<\/sup><\/div><span class=\"title\">Prix d&rsquo;excellence<\/span><\/div><\/div><\/div>\n<\/div><\/div>\n<\/div><\/section><\/div>\n<\/div><\/div>\n\n\n\n<div class=\"wp-block-gutenverse-column guten-element guten-column guten-Ax6ieL\"><div class=\"guten-column-wrapper\" data-id=\"Ax6ieL\">\n<div class=\"guten-element guten-client-logo grid-desktop-3 guten-JtUsEc arrow-bottom-edge\"><div class=\"client-list\"><div id=\"guten-JtUsEc\" class=\"swiper-container\" data-loop=\"true\" data-autoplay=\"true\" data-timeout=\"2500\" data-nav=\"false\" data-arrow=\"false\" data-breakpoints=\"{&quot;0&quot;:{&quot;spaceBetween&quot;:10,&quot;slidesPerView&quot;:1},&quot;768&quot;:{&quot;spaceBetween&quot;:10,&quot;slidesPerView&quot;:1},&quot;1024&quot;:{&quot;spaceBetween&quot;:0,&quot;slidesPerView&quot;:1}}\"><div class=\"swiper-wrapper\"><div class=\"swiper-slide image-list\"><div class=\"content-image\"><img decoding=\"async\" class=\"main-image\" src=\"https:\/\/awnr.org\/wp-content\/uploads\/2025\/06\/PHOTO-2025-06-01-22-27-53-2.jpg\" alt=\"or-5\"\/><img decoding=\"async\" class=\"hover-image\" src=\"https:\/\/awnr.org\/wp-content\/uploads\/2025\/06\/PHOTO-2025-06-01-22-27-53-2.jpg\" alt=\"or-5\"\/><\/div><\/div><div class=\"swiper-slide image-list\"><div class=\"content-image\"><img decoding=\"async\" class=\"main-image\" src=\"https:\/\/awnr.org\/wp-content\/uploads\/2025\/06\/PHOTO-2025-05-28-03-13-25.jpg\" alt=\"or-4\"\/><img decoding=\"async\" class=\"hover-image\" src=\"https:\/\/awnr.org\/wp-content\/uploads\/2025\/06\/PHOTO-2025-05-28-03-13-25.jpg\" alt=\"or-4\"\/><\/div><\/div><div class=\"swiper-slide image-list\"><div class=\"content-image\"><img decoding=\"async\" class=\"main-image\" src=\"https:\/\/awnr.org\/wp-content\/uploads\/2025\/06\/PHOTO-2025-05-28-03-07-51.jpg\" alt=\"or-1\"\/><img decoding=\"async\" class=\"hover-image\" src=\"https:\/\/awnr.org\/wp-content\/uploads\/2025\/06\/PHOTO-2025-05-28-03-07-51.jpg\" alt=\"or-1\"\/><\/div><\/div><div class=\"swiper-slide image-list\"><div class=\"content-image\"><img decoding=\"async\" class=\"main-image\" src=\"https:\/\/awnr.org\/wp-content\/uploads\/2025\/06\/PHOTO-2025-06-01-21-23-02.jpg\" alt=\"or-4\"\/><img decoding=\"async\" class=\"hover-image\" src=\"https:\/\/awnr.org\/wp-content\/uploads\/2025\/06\/PHOTO-2025-06-01-21-23-02.jpg\" alt=\"or-4\"\/><\/div><\/div><div class=\"swiper-slide image-list\"><div class=\"content-image\"><img decoding=\"async\" class=\"main-image\" src=\"https:\/\/awnr.org\/wp-content\/uploads\/2025\/06\/PHOTO-2025-05-28-03-21-50.jpg\" alt=\"50 Top Emerging African Young Women Leaders Awards\"\/><img decoding=\"async\" class=\"hover-image\" src=\"https:\/\/awnr.org\/wp-content\/uploads\/2025\/06\/PHOTO-2025-05-28-03-21-50.jpg\" alt=\"50 Top Emerging African Young Women Leaders Awards\"\/><\/div><\/div><\/div><\/div><\/div><\/div>\n<\/div><\/div>\n<\/div><\/section><\/div>\n\n\n\n<div class=\"section-wrapper\" data-id=\"Rq7XK2\"><section class=\"wp-block-gutenverse-section guten-element guten-section guten-Rq7XK2 layout-boxed align-stretch\"><div class=\"guten-container guten-column-gap-no\">\n<div class=\"wp-block-gutenverse-column guten-element guten-column guten-Q1KhwT\"><div class=\"guten-column-wrapper\" data-id=\"Q1KhwT\">\n<div class=\"guten-element guten-wrap-helper no-margin guten-MdRXPM flex\"><div class=\"guten-inner-wrap\" data-id=\"MdRXPM\">\n<h2 class=\"wp-block-gutenverse-heading guten-element guten-9al8g8\">Ressources prioritaires<\/h2>\n\n\n\n<div class=\"guten-element gutenverse-text-editor guten-N2EkCu\"><div class=\"text-content-inner\">\n<p>AWNR concentre ces efforts sur les questions des ressources naturelles, notamment<\/p>\n<\/div><\/div>\n<\/div><\/div>\n\n\n\n<div class=\"section-wrapper\" data-id=\"C6dMh7\"><section class=\"wp-block-gutenverse-section guten-element guten-section guten-C6dMh7 layout-boxed align-stretch\"><div class=\"guten-container guten-column-gap-no\">\n<div class=\"wp-block-gutenverse-column guten-element guten-column guten-Ha7PKI\"><div class=\"guten-column-wrapper\" data-id=\"Ha7PKI\">\n<div class=\"wp-block-gutenverse-team guten-element guten-team guten-L95HvV\"><div class=\"profile-box\"><div class=\"profile-card card-overlay scale\"><img decoding=\"async\" src=\"https:\/\/awnr.org\/wp-content\/uploads\/2025\/12\/pexels-chetanvlad-2892618-scaled.jpg\" alt=\"Les mines\"\/><div class=\"profile-body center\"><h3 class=\"profile-title \" aria-label=\"Profile Name\">Les mines<\/h3><p class=\"profile-sub\" aria-label=\"Profile Job\"><\/p><p class=\"profile-desc\" aria-label=\"Team Description\"><\/p><\/div><\/div><\/div><\/div>\n<\/div><\/div>\n\n\n\n<div class=\"wp-block-gutenverse-column guten-element guten-column guten-RmO3gg\"><div class=\"guten-column-wrapper\" data-id=\"RmO3gg\">\n<div class=\"wp-block-gutenverse-team guten-element guten-team guten-6InI9s\"><div class=\"profile-box\"><div class=\"profile-card card-overlay scale\"><img decoding=\"async\" src=\"https:\/\/awnr.org\/wp-content\/uploads\/2025\/12\/pexels-beth-fitzpatrick-742222899-34995723-scaled.jpg\" alt=\"Les \u00e9nergies fossiles\"\/><div class=\"profile-body center\"><h3 class=\"profile-title \" aria-label=\"Profile Name\">Les \u00e9nergies fossiles<\/h3><p class=\"profile-sub\" aria-label=\"Profile Job\"><\/p><p class=\"profile-desc\" aria-label=\"Team Description\"><\/p><\/div><\/div><\/div><\/div>\n<\/div><\/div>\n\n\n\n<div class=\"wp-block-gutenverse-column guten-element guten-column guten-O0SJ8m\"><div class=\"guten-column-wrapper\" data-id=\"O0SJ8m\">\n<div class=\"wp-block-gutenverse-team guten-element guten-team guten-TYraSh\"><div class=\"profile-box\"><div class=\"profile-card card-overlay scale\"><img decoding=\"async\" src=\"https:\/\/awnr.org\/wp-content\/uploads\/2025\/12\/pexels-gis-photography-73329568-19582836-scaled.jpg\" alt=\"Les for\u00eats et l'eau\"\/><div class=\"profile-body center\"><h3 class=\"profile-title \" aria-label=\"Profile Name\">Les for\u00eats et l&rsquo;eau<\/h3><p class=\"profile-sub\" aria-label=\"Profile Job\"><\/p><p class=\"profile-desc\" aria-label=\"Team Description\"><\/p><\/div><\/div><\/div><\/div>\n<\/div><\/div>\n<\/div><\/section><\/div>\n\n\n\n<div class=\"guten-element gutenverse-text-editor guten-4ZrC62\"><div class=\"text-content-inner\">\n<p>L\u2019 exploitation des ces ressources naturelles en Afrique doit \u00eatre fond\u00e9e sur la souverainet\u00e9, une gouvernance transparente, la transformation locale, une r\u00e9partition \u00e9quitable des b\u00e9n\u00e9fices, la protection de l\u2019environnement et l\u2019implication des communaut\u00e9s pour pr\u00e9venir les conflits.<\/p>\n\n\n\n<p><\/p>\n<\/div><\/div>\n\n\n\n<div style=\"height:100px\" aria-hidden=\"true\" class=\"wp-block-spacer\"><\/div>\n\n\n\n<div class=\"guten-element guten-button-wrapper guten-oZgbOQ\"><a class=\"guten-button guten-button-sm\" href=\"\/index.php\/nos-actions\/\"><span>Nos actions<\/span><\/a><\/div>\n<\/div><\/div>\n<\/div><\/section><\/div>\n\n\n\n<p><\/p>\n\n\n\n\n","protected":false},"excerpt":{"rendered":"","protected":false},"author":1,"featured_media":0,"parent":0,"menu_order":0,"comment_status":"closed","ping_status":"closed","template":"blank-canvas","meta":{"footnotes":""},"class_list":["post-40","page","type-page","status-publish","hentry"],"_links":{"self":[{"href":"https:\/\/awnr.org\/index.php\/wp-json\/wp\/v2\/pages\/40","targetHints":{"allow":["GET"]}}],"collection":[{"href":"https:\/\/awnr.org\/index.php\/wp-json\/wp\/v2\/pages"}],"about":[{"href":"https:\/\/awnr.org\/index.php\/wp-json\/wp\/v2\/types\/page"}],"author":[{"embeddable":true,"href":"https:\/\/awnr.org\/index.php\/wp-json\/wp\/v2\/users\/1"}],"replies":[{"embeddable":true,"href":"https:\/\/awnr.org\/index.php\/wp-json\/wp\/v2\/comments?post=40"}],"version-history":[{"count":55,"href":"https:\/\/awnr.org\/index.php\/wp-json\/wp\/v2\/pages\/40\/revisions"}],"predecessor-version":[{"id":1256,"href":"https:\/\/awnr.org\/index.php\/wp-json\/wp\/v2\/pages\/40\/revisions\/1256"}],"wp:attachment":[{"href":"https:\/\/awnr.org\/index.php\/wp-json\/wp\/v2\/media?parent=40"}],"curies":[{"name":"wp","href":"https:\/\/api.w.org\/{rel}","templated":true}]}}