{"id":211,"date":"2025-05-25T20:26:11","date_gmt":"2025-05-25T18:26:11","guid":{"rendered":"https:\/\/kamfoundationrdc.org\/?page_id=211"},"modified":"2025-12-01T23:35:44","modified_gmt":"2025-12-01T22:35:44","slug":"faire-un-don","status":"publish","type":"page","link":"https:\/\/awnr.org\/index.php\/faire-un-don\/","title":{"rendered":"Faites un don pour transformer des vies"},"content":{"rendered":"\n<div class=\"section-wrapper\" data-id=\"C78tK7\"><section class=\"wp-block-gutenverse-section guten-element guten-section guten-C78tK7 layout-boxed align-stretch\"><div class=\"guten-container guten-column-gap-no\">\n<div class=\"wp-block-gutenverse-column guten-element guten-column guten-pWRtSR\"><div class=\"guten-column-wrapper\" data-id=\"pWRtSR\">\n<h2 class=\"wp-block-gutenverse-heading guten-element guten-MNXbGe\"><\/h2>\n\n\n\n<div class=\"guten-element gutenverse-text-editor guten-E7UZmd\"><div class=\"text-content-inner\">\n<p>Chaque don compte pour soutenir nos projets d\u2019\u00e9ducation, de protection de l\u2019environnement et d\u2019inclusion sociale. Avec votre contribution, nous offrons des opportunit\u00e9s d\u2019apprentissage, plantons des arbres pour un avenir durable et autonomisons les communaut\u00e9s vuln\u00e9rables. Rejoignez notre mission aujourd\u2019hui !<\/p>\n<\/div><\/div>\n\n\n\n<h4 class=\"wp-block-gutenverse-heading guten-element guten-ARbfMK\">Faire un don par Mobile Money<\/h4>\n\n\n\n<div class=\"section-wrapper\" data-id=\"oz0hT6\"><section class=\"wp-block-gutenverse-section guten-element guten-section guten-oz0hT6 layout-fullwidth align-stretch\"><div class=\"guten-container guten-column-gap-no\">\n<div class=\"wp-block-gutenverse-column guten-element guten-column guten-zVlDSJ\"><div class=\"guten-column-wrapper\" data-id=\"zVlDSJ\">\n<figure class=\"wp-block-image size-full is-resized\"><img loading=\"lazy\" decoding=\"async\" width=\"640\" height=\"542\" src=\"https:\/\/awnr.org\/wp-content\/uploads\/2025\/06\/M-pesa-logo.png\" alt=\"\" class=\"wp-image-440\" style=\"aspect-ratio:1;width:70px;height:auto\" srcset=\"https:\/\/awnr.org\/wp-content\/uploads\/2025\/06\/M-pesa-logo.png 640w, https:\/\/awnr.org\/wp-content\/uploads\/2025\/06\/M-pesa-logo-300x254.png 300w\" sizes=\"auto, (max-width: 640px) 100vw, 640px\" \/><\/figure>\n\n\n\n<div class=\"guten-element guten-advanced-heading guten-8irRp9\"><div class=\"heading-section \"><h4 class=\"heading-title\"><span class=\"heading-title\">M-Pesa<\/span><span class=\"heading-focus\"><\/span><\/h4><\/div><span class=\"heading-subtitle\">+243 810 825 409<\/span><\/div>\n<\/div><\/div>\n\n\n\n<div class=\"wp-block-gutenverse-column guten-element guten-column guten-X5FgUM\"><div class=\"guten-column-wrapper\" data-id=\"X5FgUM\">\n<figure class=\"wp-block-image size-full is-resized\"><img loading=\"lazy\" decoding=\"async\" width=\"512\" height=\"512\" src=\"https:\/\/awnr.org\/wp-content\/uploads\/2025\/06\/unnamed.png\" alt=\"\" class=\"wp-image-438\" style=\"aspect-ratio:1;width:70px;height:auto\" srcset=\"https:\/\/awnr.org\/wp-content\/uploads\/2025\/06\/unnamed.png 512w, https:\/\/awnr.org\/wp-content\/uploads\/2025\/06\/unnamed-300x300.png 300w, https:\/\/awnr.org\/wp-content\/uploads\/2025\/06\/unnamed-150x150.png 150w\" sizes=\"auto, (max-width: 512px) 100vw, 512px\" \/><\/figure>\n\n\n\n<div class=\"guten-element guten-advanced-heading guten-I9UyaS\"><div class=\"heading-section \"><h4 class=\"heading-title\"><span class=\"heading-title\">IllicoCash<\/span><span class=\"heading-focus\"><\/span><\/h4><\/div><span class=\"heading-subtitle\">+243810825409<\/span><\/div>\n<\/div><\/div>\n\n\n\n<div class=\"wp-block-gutenverse-column guten-element guten-column guten-GPgyiu\"><div class=\"guten-column-wrapper\" data-id=\"GPgyiu\">\n<figure class=\"wp-block-image size-full is-resized\"><img loading=\"lazy\" decoding=\"async\" width=\"225\" height=\"225\" src=\"https:\/\/awnr.org\/wp-content\/uploads\/2025\/06\/images.png\" alt=\"\" class=\"wp-image-439\" style=\"width:70px\" srcset=\"https:\/\/awnr.org\/wp-content\/uploads\/2025\/06\/images.png 225w, https:\/\/awnr.org\/wp-content\/uploads\/2025\/06\/images-150x150.png 150w\" sizes=\"auto, (max-width: 225px) 100vw, 225px\" \/><\/figure>\n\n\n\n<div class=\"guten-element guten-advanced-heading guten-EhvpoS\"><div class=\"heading-section \"><h4 class=\"heading-title\"><span class=\"heading-title\">Airtel Money<\/span><span class=\"heading-focus\"><\/span><\/h4><\/div><span class=\"heading-subtitle\"><strong>+243 990 253 211<\/strong><\/span><\/div>\n<\/div><\/div>\n<\/div><\/section><\/div>\n\n\n\n<div class=\"section-wrapper\" data-id=\"Z5NIFS\"><section class=\"wp-block-gutenverse-section guten-element guten-section guten-Z5NIFS layout-boxed align-stretch\"><div class=\"guten-container guten-column-gap-default\">\n<div class=\"wp-block-gutenverse-column guten-element guten-column guten-CDce6S\"><div class=\"guten-column-wrapper\" data-id=\"CDce6S\">\n<h2 class=\"wp-block-gutenverse-heading guten-element guten-hdtYa4\">Virement bancaire<\/h2>\n\n\n\n<p class=\"has-medium-font-size\">Num\u00e9ro de compte : <\/p>\n\n\n\n<p><\/p>\n\n\n\n<p class=\"has-medium-font-size\"><strong>005006200000300988<\/strong><\/p>\n\n\n\n<p aria-label=\"Text Paragraph\" class=\"guten-element gutenverse-text guten-ERSp6u\"><\/p>\n\n\n\n<p>RIB<\/p>\n\n\n\n<p><\/p>\n\n\n\n<p>: <\/p>\n\n\n\n<p><\/p>\n\n\n\n<p><\/p>\n\n\n\n<p><\/p>\n\n\n\n<p><\/p>\n\n\n\n<p class=\"has-medium-font-size\"><strong>0018-005-0062000003009-88<\/strong><\/p>\n\n\n\n<h4 class=\"wp-block-gutenverse-heading guten-element guten-9MJInn\"><br>Instructions pour le virement<\/h4>\n\n\n\n<p>Instructions pour le virement<\/p>\n\n\n\n<p aria-label=\"Text Paragraph\" class=\"guten-element gutenverse-text guten-k7Wuuf\">Effectuez un virement bancaire vers le compte indiqu\u00e9.<br>Mentionnez \u201c<span id=\"guten-VT2byK\"><span id=\"guten-CNLnD8\" style=\"text-decoration: underline;\"><strong>Don AWNR<\/strong><\/span><\/span>\u201d dans la r\u00e9f\u00e9rence du virement.<\/p>\n\n\n\n<p aria-label=\"Text Paragraph\" class=\"guten-element gutenverse-text guten-oCGspI\"><\/p>\n<\/div><\/div>\n<\/div><\/section><\/div>\n\n\n\n<div class=\"guten-element gutenverse-text-editor guten-1AxyqG\"><div class=\"text-content-inner\">\n<p><\/p>\n\n\n\n<p><br>Envoyez une confirmation du virement \u00e0 <a href=\"mailto:info@awnr.org\">info@awnr.org<\/a> pour nous aider \u00e0 suivre votre don.<\/p>\n\n\n\n<p><br><strong>Note<\/strong>: Pour toute question ou assistance concernant votre don, contactez-nous \u00e0 <a href=\"mailto:info@awnr.org\">info@awnr.org<\/a> ou au <a href=\"tel:243810825409\">+243 810 825 409<\/a>.<\/p>\n<\/div><\/div>\n\n\n\n<h3 class=\"wp-block-gutenverse-heading guten-element guten-94UrIc\"><\/h3>\n\n\n\n<div class=\"section-wrapper\" data-id=\"5CzCau\"><section class=\"wp-block-gutenverse-section guten-element guten-section guten-5CzCau layout-fullwidth align-stretch overflow-hidden\"><div class=\"guten-container guten-column-gap-no\">\n<div class=\"wp-block-gutenverse-column guten-element guten-column guten-czvafi\"><div class=\"guten-column-wrapper\" data-id=\"czvafi\">\n<div class=\"wp-block-gutenverse-icon guten-element guten-iPeYXR guten-icon hide-mobile\"><span class=\"guten-icon-wrapper rounded stacked\"><i class=\"gtn gtn-quote-left-solid\"><\/i><\/span><\/div>\n\n\n\n<div class=\"guten-element gutenverse-text-editor guten-GvjtJH\"><div class=\"text-content-inner\">\n<p>Gr\u00e2ce \u00e0 votre g\u00e9n\u00e9rosit\u00e9, des \u00e9l\u00e8ves peuvent \u00eatre scolaris\u00e9s, des formations professionnelles sont financ\u00e9es pour autonomiser les personnes vuln\u00e9rables, et des actions de reboisement sont soutenues au sein de communaut\u00e9s.<\/p>\n\n\n\n<p>Faites un don maintenant et contribuez \u00e0 b\u00e2tir un avenir durable en RDC<\/p>\n<\/div><\/div>\n\n\n\n<h6 class=\"wp-block-gutenverse-heading guten-element guten-wXSLRk\">\u00c9quipe AWNR<\/h6>\n<\/div><\/div>\n<\/div><\/section><\/div>\n\n\n\n<div class=\"guten-element gutenverse-text-editor guten-eB3J6j\"><div class=\"text-content-inner\">\n<p><\/p>\n<\/div><\/div>\n<\/div><\/div>\n\n\n\n<div class=\"wp-block-gutenverse-column guten-element guten-column guten-GPSnIR\"><div class=\"guten-column-wrapper\" data-id=\"GPSnIR\">\n<div class=\"wp-block-gutenverse-image guten-element guten-image guten-Aaa0kY\"><div class=\"guten-image-wrapper\"><img loading=\"lazy\" decoding=\"async\" class=\"gutenverse-image-box-filled\" src=\"https:\/\/kamfoundationrdc.org\/wp-content\/uploads\/2025\/05\/61735637_345304862853393_6405037290611015680_n.jpg\" height=\"960\" width=\"1440\"\/><\/div><\/div>\n\n\n\n<div class=\"guten-element guten-wrap-helper no-margin guten-GKOV3P\"><div class=\"guten-inner-wrap\" data-id=\"GKOV3P\">\n<div class=\"guten-element gutenverse-text-editor guten-rmku2q\"><div class=\"text-content-inner\">\n<p>Faites confiance \u00e0 AWNR pour transformer vos dons en actions concr\u00e8tes et durables. Depuis 2017, nous \u0153uvrons avec transparence et engagement pour l\u2019\u00e9ducation, la protection de l\u2019environnement et l\u2019inclusion sociale en R\u00e9publique D\u00e9mocratique du Congo. Chaque contribution soutient des programmes comme \u00c9ducation &amp; Capacit\u00e9s, Conservation &amp; Biodiversit\u00e9, Justice Sociale et Gouvernane &amp; \u00c9quit\u00e9 qui changent des vies et b\u00e2tissent un avenir meilleur. Rejoignez notre mission et soyez assur\u00e9s que votre g\u00e9n\u00e9rosit\u00e9 fait une diff\u00e9rence r\u00e9elle pour les communaut\u00e9s vuln\u00e9rables.<\/p>\n<\/div><\/div>\n\n\n\n<div class=\"guten-element guten-button-wrapper guten-n7LjuD\"><a class=\"guten-button guten-button-sm\" href=\"\/index.php\/contact-us\/\"><span>NOUS CONTACTer<\/span><\/a><\/div>\n<\/div><\/div>\n\n\n\n<div class=\"guten-element guten-wrap-helper no-margin guten-HTegnt flex\"><div class=\"guten-inner-wrap\" data-id=\"HTegnt\">\n<h5 class=\"wp-block-gutenverse-heading guten-element guten-cCrVmF\">Partager ceci sur:<\/h5>\n\n\n\n<div class=\"guten-element guten-social-share guten-s3N7tp horizontal\"><div class='gutenverse-share-facebook gutenverse-share-item' id='guten-Ei35yE'>\n\t\t\t<a href='#' aria-label='Share on Facebook'>\n\t\t\t\t<div class='gutenverse-share-icon'>\n\t\t\t\t<i class='fab fa-facebook-f'><\/i>\n\t\t\t<\/div>\n\t\t\t<\/a>\n\t\t<\/div>\n\n<div class='gutenverse-share-twitter gutenverse-share-item x-twitter' id='guten-El5Dwr'>\n\t\t\t<a href='#' aria-label='Share on Twitter'>\n\t\t\t\t<div class='gutenverse-share-icon'>\n\t\t\t\t<i class='fab fa-x-twitter'><\/i>\n\t\t\t<\/div>\n\t\t\t<\/a>\n\t\t<\/div>\n\n<div class='gutenverse-share-pinterest gutenverse-share-item' id='guten-sbPKq0'>\n\t\t\t<a href='#' aria-label='Share on Pinterest'>\n\t\t\t\t<div class='gutenverse-share-icon'>\n\t\t\t\t<i class='fab fa-pinterest'><\/i>\n\t\t\t<\/div>\n\t\t\t<\/a>\n\t\t<\/div>\n\n<div class='gutenverse-share-linkedin gutenverse-share-item' id='guten-DKZ47K'>\n\t\t\t<a href='#' aria-label='Share on Linkedin'>\n\t\t\t\t<div class='gutenverse-share-icon'>\n\t\t\t\t<i class='fab fa-linkedin'><\/i>\n\t\t\t<\/div>\n\t\t\t<\/a>\n\t\t<\/div><\/div>\n<\/div><\/div>\n<\/div><\/div>\n<\/div><\/section><\/div>\n\n\n\n<div class=\"section-wrapper\" data-id=\"k2MztS\"><section class=\"wp-block-gutenverse-section guten-element guten-section guten-k2MztS layout-boxed align-stretch\"><div class=\"guten-container guten-column-gap-no\">\n<div class=\"wp-block-gutenverse-column guten-element guten-column guten-9bN5VF\"><div class=\"guten-column-wrapper\" data-id=\"9bN5VF\">\n<div class=\"wp-block-gutenverse-icon guten-element guten-MMolID guten-icon\"><span class=\"guten-icon-wrapper rounded stacked\"><i class=\"gtn gtn-quote-left-solid\"><\/i><\/span><\/div>\n\n\n\n<div class=\"guten-element gutenverse-text-editor guten-rTYtj2\"><div class=\"text-content-inner\">\n<p>Chaque don compte pour soutenir nos projets d\u2019\u00e9ducation, de protection de l\u2019environnement et d\u2019inclusion sociale.<\/p>\n<\/div><\/div>\n\n\n\n<p aria-label=\"Text Paragraph\" class=\"guten-element gutenverse-text guten-jkWmm8\">AWNR<\/p>\n<\/div><\/div>\n<\/div><\/section><\/div>\n\n\n\n<p><\/p>\n","protected":false},"excerpt":{"rendered":"","protected":false},"author":1,"featured_media":0,"parent":0,"menu_order":0,"comment_status":"closed","ping_status":"closed","template":"","meta":{"footnotes":""},"class_list":["post-211","page","type-page","status-publish","hentry"],"_links":{"self":[{"href":"https:\/\/awnr.org\/index.php\/wp-json\/wp\/v2\/pages\/211","targetHints":{"allow":["GET"]}}],"collection":[{"href":"https:\/\/awnr.org\/index.php\/wp-json\/wp\/v2\/pages"}],"about":[{"href":"https:\/\/awnr.org\/index.php\/wp-json\/wp\/v2\/types\/page"}],"author":[{"embeddable":true,"href":"https:\/\/awnr.org\/index.php\/wp-json\/wp\/v2\/users\/1"}],"replies":[{"embeddable":true,"href":"https:\/\/awnr.org\/index.php\/wp-json\/wp\/v2\/comments?post=211"}],"version-history":[{"count":26,"href":"https:\/\/awnr.org\/index.php\/wp-json\/wp\/v2\/pages\/211\/revisions"}],"predecessor-version":[{"id":1105,"href":"https:\/\/awnr.org\/index.php\/wp-json\/wp\/v2\/pages\/211\/revisions\/1105"}],"wp:attachment":[{"href":"https:\/\/awnr.org\/index.php\/wp-json\/wp\/v2\/media?parent=211"}],"curies":[{"name":"wp","href":"https:\/\/api.w.org\/{rel}","templated":true}]}}