{"id":201,"date":"2025-05-25T20:05:27","date_gmt":"2025-05-25T18:05:27","guid":{"rendered":"https:\/\/kamfoundationrdc.org\/?page_id=201"},"modified":"2026-02-19T01:49:33","modified_gmt":"2026-02-19T00:49:33","slug":"nos-programmes","status":"publish","type":"page","link":"https:\/\/awnr.org\/index.php\/nos-programmes\/","title":{"rendered":"Nos programmes"},"content":{"rendered":"\n<div class=\"section-wrapper\" data-id=\"zu2qIC\"><section class=\"wp-block-gutenverse-section guten-element guten-section guten-zu2qIC layout-boxed align-stretch\"><div class=\"guten-container guten-column-gap-no\">\n<div class=\"wp-block-gutenverse-column guten-element guten-column guten-DtTygb\"><div class=\"guten-column-wrapper\" data-id=\"DtTygb\">\n<div class=\"section-wrapper\" data-id=\"OMqWm0\"><section class=\"wp-block-gutenverse-section guten-element guten-section guten-OMqWm0 layout-boxed align-stretch\"><div class=\"guten-container guten-column-gap-no\">\n<div class=\"wp-block-gutenverse-column guten-element guten-column guten-Mv87Cs\"><div class=\"guten-column-wrapper\" data-id=\"Mv87Cs\">\n<h2 class=\"wp-block-gutenverse-heading guten-element guten-pT9jYY\">Nos programmes phares<\/h2>\n\n\n\n<div class=\"guten-element gutenverse-text-editor guten-kIxdHX\"><div class=\"text-content-inner\">\n<p><\/p>\n<\/div><\/div>\n<\/div><\/div>\n\n\n\n<div class=\"wp-block-gutenverse-column guten-element guten-column guten-TepDG0\"><div class=\"guten-column-wrapper\" data-id=\"TepDG0\"><\/div><\/div>\n<\/div><\/section><\/div>\n\n\n\n<div class=\"section-wrapper\" data-id=\"gzK1yP\"><section class=\"wp-block-gutenverse-section guten-element guten-section guten-gzK1yP layout-boxed align-stretch\"><div class=\"guten-container guten-column-gap-no\">\n<div class=\"wp-block-gutenverse-column guten-element guten-column guten-lLnXHK\"><div class=\"guten-column-wrapper\" data-id=\"lLnXHK\"><div class=\"guten-background-overlay\"><\/div>\n<div class=\"guten-element guten-spacer guten-37Zdab\"><\/div>\n\n\n\n<div class=\"guten-element guten-sDMP4M guten-icon-box icon-position-left\"><div class=\"guten-icon-box-wrapper hover-from-left\"><div class=\"icon-box icon-box-body\"><h2 class=\"title\"><strong>\u00c9ducation &amp; Capacit\u00e9s<\/strong><\/h2><p class=\"icon-box-description\">Sensibilise, forme et encourage l\u2019appropriation communautaire dans la gouvernance des ressources naturelles. <\/p>\n<div class=\"guten-element guten-button-wrapper guten-ZGqP1s\"><a class=\"guten-button guten-button-sm\" href=\"\/index.php\/category\/programmes\/renforcement-des-capacites\/\"><span>VOIR plus<\/span><i class=\"fa-lg gtn gtn-arrow-right-line\"><\/i><\/a><\/div>\n<\/div><\/div><\/div>\n<\/div><\/div>\n\n\n\n<div class=\"wp-block-gutenverse-column guten-element guten-column guten-cADYrT\"><div class=\"guten-column-wrapper\" data-id=\"cADYrT\"><div class=\"guten-background-overlay\"><\/div>\n<div class=\"guten-element guten-spacer guten-rPoNTz\"><\/div>\n\n\n\n<div class=\"guten-element guten-FiUxB0 guten-icon-box icon-position-left\"><div class=\"guten-icon-box-wrapper hover-from-left\"><div class=\"icon-box icon-box-body\"><h2 class=\"title\"><strong>Conservation &amp; Biodiversit\u00e9 <\/strong><\/h2><p class=\"icon-box-description\">La protection, la pr\u00e9servation et la gestion durable de ressources<\/p>\n<div class=\"guten-element guten-button-wrapper guten-ztzxob\"><a class=\"guten-button guten-button-sm\" href=\"\/index.php\/category\/programmes\/conservation-environnementale\/\"><span>voir plus<\/span><i class=\"fa-lg gtn gtn-arrow-right-line\"><\/i><\/a><\/div>\n<\/div><\/div><\/div>\n<\/div><\/div>\n<\/div><\/section><\/div>\n\n\n\n<div class=\"section-wrapper\" data-id=\"tp9F5b\"><section class=\"wp-block-gutenverse-section guten-element guten-section guten-tp9F5b layout-boxed align-stretch\"><div class=\"guten-container guten-column-gap-no\">\n<div class=\"wp-block-gutenverse-column guten-element guten-column guten-xwIGzH\"><div class=\"guten-column-wrapper\" data-id=\"xwIGzH\"><div class=\"guten-background-overlay\"><\/div>\n<div class=\"guten-element guten-spacer guten-Vf4uCk\"><\/div>\n\n\n\n<div class=\"guten-element guten-gTvwHs guten-icon-box icon-position-left\"><div class=\"guten-icon-box-wrapper hover-from-left\"><div class=\"icon-box icon-box-body\"><h2 class=\"title\"><strong>Justice Sociale <\/strong><\/h2><p class=\"icon-box-description\"><a>D\u00e9fense des droits des personnes vuln\u00e9rables, promotion de l\u2019inclusion sociale et veille au respect de la dignit\u00e9 humaine.<\/a><\/p>\n<div class=\"guten-element guten-button-wrapper guten-ppzmgO\"><a class=\"guten-button guten-button-sm\" href=\"\/index.php\/category\/programmes\/notre-action-pour-leur-sourire\/\"><span>voir plus<\/span><i class=\"fa-lg gtn gtn-arrow-right-line\"><\/i><\/a><\/div>\n<\/div><\/div><\/div>\n<\/div><\/div>\n\n\n\n<div class=\"wp-block-gutenverse-column guten-element guten-column guten-7tq30c\"><div class=\"guten-column-wrapper\" data-id=\"7tq30c\"><div class=\"guten-background-overlay\"><\/div>\n<div class=\"guten-element guten-spacer guten-XSHh1o\"><\/div>\n\n\n\n<div class=\"guten-element guten-M1DsiB guten-icon-box icon-position-left\"><div class=\"guten-icon-box-wrapper hover-from-left\"><div class=\"icon-box icon-box-body\"><h2 class=\"title\"><strong>Gouvernance &amp; \u00c9quit\u00e9 <\/strong><\/h2><p class=\"icon-box-description\">Promotion de la participation communautaire, du contr\u00f4le citoyen et de politiques assurant une gestion \u00e9quitable des ressources naturelles.<\/p>\n<div class=\"guten-element guten-button-wrapper guten-BAjGAy\"><a class=\"guten-button guten-button-sm\" href=\"\/index.php\/category\/programmes\/kam-for-youth\/\"><span>voir plus<\/span><i class=\"fa-lg gtn gtn-arrow-right-line\"><\/i><\/a><\/div>\n<\/div><\/div><\/div>\n<\/div><\/div>\n<\/div><\/section><\/div>\n<\/div><\/div>\n<\/div><\/section><\/div>\n\n\n\n<div class=\"section-wrapper\" data-id=\"jiXA7A\"><section class=\"wp-block-gutenverse-section guten-element guten-section guten-jiXA7A layout-boxed align-stretch\"><div class=\"guten-container guten-column-gap-no\">\n<div class=\"wp-block-gutenverse-column guten-element guten-column guten-306Vss\"><div class=\"guten-column-wrapper\" data-id=\"306Vss\"><\/div><\/div>\n<\/div><\/section><\/div>\n\n\n\n<div class=\"section-wrapper\" data-id=\"2kZ4KI\"><section class=\"wp-block-gutenverse-section guten-element guten-section guten-2kZ4KI layout-boxed align-stretch\"><div class=\"guten-background-overlay\"><\/div><div class=\"guten-container guten-column-gap-no\">\n<div class=\"wp-block-gutenverse-column guten-element guten-column guten-jwNpea\"><div class=\"guten-column-wrapper\" data-id=\"jwNpea\">\n<h2 class=\"wp-block-gutenverse-heading guten-element guten-WJPSLz\">Nos r\u00e9alisations <\/h2>\n\n\n\n<div class=\"guten-element gutenverse-text-editor guten-yyh4PT\"><div class=\"text-content-inner\">\n<p>Nos programmes transforment des vies \u00e0 travers l\u2019\u00e9ducation, la conservation environnementale et le soutien aux communaut\u00e9s vuln\u00e9rables. <\/p>\n<\/div><\/div>\n\n\n\n<div class=\"section-wrapper\" data-id=\"CTv9KW\"><section class=\"wp-block-gutenverse-section guten-element guten-section guten-CTv9KW layout-fullwidth align-stretch\"><div class=\"guten-container guten-column-gap-no\">\n<div class=\"wp-block-gutenverse-column guten-element guten-column guten-jON667\"><div class=\"guten-column-wrapper\" data-id=\"jON667\">\n<div class=\"guten-element guten-KJN3iY guten-fun-fact align-center hover-from-left\"><div class=\"fun-fact-inner\"><div class=\"icon\"><i class=\"gtn gtn-leaf-solid\"><\/i><\/div><div class=\"content\"><div class=\"number-wrapper\"><span class=\"prefix\"><\/span><span class=\"number loaded\" data-number=\"3000\" data-duration=\"3500\"><\/span><span class=\"suffix\"><\/span><sup class=\"super\">+<\/sup><\/div><span class=\"title\">Arbres plant\u00e9s<\/span><\/div><\/div><\/div>\n<\/div><\/div>\n\n\n\n<div class=\"wp-block-gutenverse-column guten-element guten-column guten-B7IQcs\"><div class=\"guten-column-wrapper\" data-id=\"B7IQcs\">\n<div class=\"guten-element guten-OL8nB4 guten-fun-fact align-center hover-from-left\"><div class=\"fun-fact-inner\"><div class=\"icon\"><i class=\"gtn gtn-handshake\"><\/i><\/div><div class=\"content\"><div class=\"number-wrapper\"><span class=\"prefix\"><\/span><span class=\"number loaded\" data-number=\"10\" data-duration=\"3500\"><\/span><span class=\"suffix\"><\/span><sup class=\"super\">+<\/sup><\/div><span class=\"title\">Projets r\u00e9alis\u00e9s<\/span><\/div><\/div><\/div>\n<\/div><\/div>\n\n\n\n<div class=\"wp-block-gutenverse-column guten-element guten-column guten-ewQ5Or\"><div class=\"guten-column-wrapper\" data-id=\"ewQ5Or\">\n<div class=\"guten-element guten-tZpfuy guten-fun-fact align-center hover-from-left\"><div class=\"fun-fact-inner\"><div class=\"icon\"><i class=\"gtn gtn-user-edit-solid\"><\/i><\/div><div class=\"content\"><div class=\"number-wrapper\"><span class=\"prefix\"><\/span><span class=\"number loaded\" data-number=\"50\" data-duration=\"3500\"><\/span><span class=\"suffix\"><\/span><sup class=\"super\">+<\/sup><\/div><span class=\"title\">Jeunes b\u00e9n\u00e9voles<\/span><\/div><\/div><\/div>\n<\/div><\/div>\n\n\n\n<div class=\"wp-block-gutenverse-column guten-element guten-column guten-r0OEcx\"><div class=\"guten-column-wrapper\" data-id=\"r0OEcx\">\n<div class=\"guten-element guten-Eltg2B guten-fun-fact align-center hover-from-left\"><div class=\"fun-fact-inner\"><div class=\"icon\"><i class=\"fas fa-award\"><\/i><\/div><div class=\"content\"><div class=\"number-wrapper\"><span class=\"prefix\"><\/span><span class=\"number loaded\" data-number=\"4\" data-duration=\"3500\"><\/span><span class=\"suffix\"><\/span><sup class=\"super\">+<\/sup><\/div><span class=\"title\">Prix d&rsquo;excellence<\/span><\/div><\/div><\/div>\n<\/div><\/div>\n<\/div><\/section><\/div>\n<\/div><\/div>\n\n\n\n<div class=\"wp-block-gutenverse-column guten-element guten-column guten-Ax6ieL\"><div class=\"guten-column-wrapper\" data-id=\"Ax6ieL\">\n<div class=\"guten-element guten-client-logo grid-desktop-3 guten-JtUsEc arrow-bottom-edge\"><div class=\"client-list\"><div id=\"guten-JtUsEc\" class=\"swiper-container\" data-loop=\"true\" data-autoplay=\"true\" data-timeout=\"2500\" data-nav=\"false\" data-arrow=\"false\" data-breakpoints=\"{&quot;0&quot;:{&quot;spaceBetween&quot;:10,&quot;slidesPerView&quot;:1},&quot;768&quot;:{&quot;spaceBetween&quot;:10,&quot;slidesPerView&quot;:1},&quot;1024&quot;:{&quot;spaceBetween&quot;:0,&quot;slidesPerView&quot;:1}}\"><div class=\"swiper-wrapper\"><div class=\"swiper-slide image-list\"><div class=\"content-image\"><img decoding=\"async\" class=\"main-image\" src=\"https:\/\/awnr.org\/wp-content\/uploads\/2025\/06\/PHOTO-2025-06-01-22-27-53-2.jpg\" alt=\"or-5\"\/><img decoding=\"async\" class=\"hover-image\" src=\"https:\/\/awnr.org\/wp-content\/uploads\/2025\/06\/PHOTO-2025-06-01-22-27-53-2.jpg\" alt=\"or-5\"\/><\/div><\/div><div class=\"swiper-slide image-list\"><div class=\"content-image\"><img decoding=\"async\" class=\"main-image\" src=\"https:\/\/awnr.org\/wp-content\/uploads\/2025\/06\/PHOTO-2025-05-28-03-13-25.jpg\" alt=\"or-4\"\/><img decoding=\"async\" class=\"hover-image\" src=\"https:\/\/awnr.org\/wp-content\/uploads\/2025\/06\/PHOTO-2025-05-28-03-13-25.jpg\" alt=\"or-4\"\/><\/div><\/div><div class=\"swiper-slide image-list\"><div class=\"content-image\"><img decoding=\"async\" class=\"main-image\" src=\"https:\/\/awnr.org\/wp-content\/uploads\/2025\/06\/PHOTO-2025-05-28-03-07-51.jpg\" alt=\"or-1\"\/><img decoding=\"async\" class=\"hover-image\" src=\"https:\/\/awnr.org\/wp-content\/uploads\/2025\/06\/PHOTO-2025-05-28-03-07-51.jpg\" alt=\"or-1\"\/><\/div><\/div><div class=\"swiper-slide image-list\"><div class=\"content-image\"><img decoding=\"async\" class=\"main-image\" src=\"https:\/\/awnr.org\/wp-content\/uploads\/2025\/06\/PHOTO-2025-06-01-21-23-02.jpg\" alt=\"or-4\"\/><img decoding=\"async\" class=\"hover-image\" src=\"https:\/\/awnr.org\/wp-content\/uploads\/2025\/06\/PHOTO-2025-06-01-21-23-02.jpg\" alt=\"or-4\"\/><\/div><\/div><div class=\"swiper-slide image-list\"><div class=\"content-image\"><img decoding=\"async\" class=\"main-image\" src=\"https:\/\/awnr.org\/wp-content\/uploads\/2025\/06\/PHOTO-2025-05-28-03-21-50.jpg\" alt=\"50 Top Emerging African Young Women Leaders Awards\"\/><img decoding=\"async\" class=\"hover-image\" src=\"https:\/\/awnr.org\/wp-content\/uploads\/2025\/06\/PHOTO-2025-05-28-03-21-50.jpg\" alt=\"50 Top Emerging African Young Women Leaders Awards\"\/><\/div><\/div><\/div><\/div><\/div><\/div>\n<\/div><\/div>\n<\/div><\/section><\/div>\n","protected":false},"excerpt":{"rendered":"","protected":false},"author":1,"featured_media":0,"parent":0,"menu_order":0,"comment_status":"closed","ping_status":"closed","template":"","meta":{"footnotes":""},"class_list":["post-201","page","type-page","status-publish","hentry"],"_links":{"self":[{"href":"https:\/\/awnr.org\/index.php\/wp-json\/wp\/v2\/pages\/201","targetHints":{"allow":["GET"]}}],"collection":[{"href":"https:\/\/awnr.org\/index.php\/wp-json\/wp\/v2\/pages"}],"about":[{"href":"https:\/\/awnr.org\/index.php\/wp-json\/wp\/v2\/types\/page"}],"author":[{"embeddable":true,"href":"https:\/\/awnr.org\/index.php\/wp-json\/wp\/v2\/users\/1"}],"replies":[{"embeddable":true,"href":"https:\/\/awnr.org\/index.php\/wp-json\/wp\/v2\/comments?post=201"}],"version-history":[{"count":26,"href":"https:\/\/awnr.org\/index.php\/wp-json\/wp\/v2\/pages\/201\/revisions"}],"predecessor-version":[{"id":1372,"href":"https:\/\/awnr.org\/index.php\/wp-json\/wp\/v2\/pages\/201\/revisions\/1372"}],"wp:attachment":[{"href":"https:\/\/awnr.org\/index.php\/wp-json\/wp\/v2\/media?parent=201"}],"curies":[{"name":"wp","href":"https:\/\/api.w.org\/{rel}","templated":true}]}}